{"id":1907,"date":"2019-08-29T07:21:35","date_gmt":"2019-08-29T07:21:35","guid":{"rendered":"http:\/\/shotokankarate.destinazio.info\/?page_id=1907"},"modified":"2022-07-11T13:51:24","modified_gmt":"2022-07-11T12:51:24","slug":"dojo-weisslingen","status":"publish","type":"page","link":"https:\/\/shotokankarate.ch\/de\/dojo-weisslingen\/","title":{"rendered":"Dojo Weisslingen"},"content":{"rendered":"<div class=\"wpb-content-wrapper\"><p>[vc_section][vc_row css=&#8220;.vc_custom_1535182107263{padding-top: 25px !important;padding-bottom: 25px !important;}&#8220;][vc_column width=&#8220;1\/2&#8243; css=&#8220;.vc_custom_1597837671688{padding-top: 30px !important;padding-bottom: 40px !important;background-color: #f01a34 !important;}&#8220;][vc_column_text css=&#8220;.vc_custom_1597837658838{background-color: #f01a34 !important;}&#8220;]<\/p>\n<h2 style=\"font-size: 48px; line-height: 52px; text-align: center;\"><span style=\"color: #ffffff;\">Shotokan Karate<\/span><\/h2>\n<h2 style=\"font-size: 48px; line-height: 52px; text-align: center;\"><span style=\"font-weight: 400; font-size: 48px; line-height: 52px;\"><span style=\"color: #ffffff;\">Weisslingen<\/span><\/span><\/h2>\n<p>[\/vc_column_text][\/vc_column][vc_column width=&#8220;1\/2&#8243; css=&#8220;.vc_custom_1535180184102{padding-top: 15px !important;padding-bottom: 25px !important;}&#8220;][vc_row_inner css=&#8220;.vc_custom_1535180382602{margin-top: 25px !important;}&#8220;][vc_column_inner width=&#8220;1\/2&#8243;][vc_column_text]<\/p>\n<p style=\"text-align: left; font-family: 'Open Sans'; font-size: 20px;\"><strong>Roland W\u00e4fler<br \/>\n<\/strong><\/p>\n<p>[\/vc_column_text]<div class=\" vc_custom_1626634431829 ubtn-ctn-left \"><button type=\"button\" id=\"ubtn-1688\"  class=\"ubtn ult-adjust-bottom-margin ult-responsive ubtn-small ubtn-no-hover-bg  none  ubtn-left   tooltip-69e1be1e3871c\"  data-hover=\"\" data-border-color=\"\" data-bg=\"#282828\" data-hover-bg=\"\" data-border-hover=\"\" data-shadow-hover=\"\" data-shadow-click=\"none\" data-shadow=\"\" data-shd-shadow=\"\"  data-ultimate-target='#ubtn-1688'  data-responsive-json-new='{\"font-size\":\"\",\"line-height\":\"\"}'  style=\"font-weight:normal;border-radius:0px;border-width:1px;border-color:;border-style:solid;background: #282828;color: #ffffff;\"><span class=\"ubtn-hover\" style=\"background-color:\"><\/span><span class=\"ubtn-data ubtn-text \" ><\/span><\/button><\/div><div class=\"aio-icon-component    style_1\"><div id=\"Info-box-wrap-9337\" class=\"aio-icon-box left-icon\" style=\"\"  ><div class=\"aio-icon-left\"><div class=\"ult-just-icon-wrapper  \"><div class=\"align-icon\" style=\"text-align:center;\">\n<div class=\"aio-icon-img \" style=\"font-size:22px;display:inline-block;\" >\n\t<img decoding=\"async\" class=\"img-icon\" alt=\"null\" src=\"https:\/\/shotokankarate.ch\/wp-content\/uploads\/2018\/08\/phone.png\"\/>\n<\/div><\/div><\/div><\/div><div class=\"aio-ibd-block\"><div class=\"aio-icon-header\" ><h3 class=\"aio-icon-title ult-responsive\"  data-ultimate-target='#Info-box-wrap-9337 .aio-icon-title'  data-responsive-json-new='{\"font-size\":\"desktop:18px;\",\"line-height\":\"\"}'  style=\"\">+41 79 420 70 03<\/h3><\/div> <!-- header --><\/div> <!-- aio-ibd-block --><\/div> <!-- aio-icon-box --><\/div> <!-- aio-icon-component --><div class=\"aio-icon-component  vc_custom_1575806368150   style_1\"><div id=\"Info-box-wrap-2190\" class=\"aio-icon-box left-icon\" style=\"\"  ><div class=\"aio-icon-left\"><div class=\"ult-just-icon-wrapper  \"><div class=\"align-icon\" style=\"text-align:center;\">\n<div class=\"aio-icon-img \" style=\"font-size:22px;display:inline-block;\" >\n\t<img decoding=\"async\" class=\"img-icon\" alt=\"null\" src=\"https:\/\/shotokankarate.ch\/wp-content\/uploads\/2018\/08\/email.png\"\/>\n<\/div><\/div><\/div><\/div><div class=\"aio-ibd-block\"><div class=\"aio-icon-header\" ><h3 class=\"aio-icon-title ult-responsive\"  data-ultimate-target='#Info-box-wrap-2190 .aio-icon-title'  data-responsive-json-new='{\"font-size\":\"desktop:18px;\",\"line-height\":\"\"}'  style=\"\">info@karate-weisslingen.ch<\/h3><\/div> <!-- header --><\/div> <!-- aio-ibd-block --><\/div> <!-- aio-icon-box --><\/div> <!-- aio-icon-component -->[vc_column_text]<a href=\"http:\/\/www.karate-weisslingen.ch\">www.karate-weisslingen.ch<\/a>[\/vc_column_text][\/vc_column_inner][vc_column_inner el_class=&#8220;etiquette&#8220; width=&#8220;1\/2&#8243;]<div class=\" vc_custom_1597837641085 ubtn-ctn-left etiquette\"><a class=\"ubtn-link ult-adjust-bottom-margin ubtn-left ubtn-small etiquette\" href=\"http:\/\/shotokankarate.ch\/de\/dojo-kyburg-probezeit\/\" rel=\"nofollow \" ><button type=\"button\" id=\"ubtn-6824\"  class=\"ubtn ult-adjust-bottom-margin ult-responsive ubtn-small ubtn-no-hover-bg  none  ubtn-left   tooltip-69e1be1e389c3\"  data-hover=\"#ffffff\" data-border-color=\"#ffffff\" data-bg=\"#303030\" data-hover-bg=\"#424242\" data-border-hover=\"#ffffff\" data-shadow-hover=\"\" data-shadow-click=\"none\" data-shadow=\"\" data-shd-shadow=\"\"  data-ultimate-target='#ubtn-6824'  data-responsive-json-new='{\"font-size\":\"desktop:18px;\",\"line-height\":\"\"}'  style=\"font-weight:normal;border-radius:0px;border-width:2px;border-color:#ffffff;border-style:solid;background: #303030;color: #ffffff;\"><span class=\"ubtn-data ubtn-icon\"><i class=\"none\" style=\"font-size:32px;color:#f9f9f9;\"><\/i><\/span><span class=\"ubtn-hover\" style=\"background-color:#424242\"><\/span><span class=\"ubtn-data ubtn-text \" >Gratis Probemonat<\/span><\/button><\/a><\/div>[\/vc_column_inner][\/vc_row_inner][\/vc_column][\/vc_row][vc_row][vc_column width=&#8220;1\/2&#8243;][vc_column_text]<\/p>\n<h2><span style=\"font-weight: 400;\">Das Wort vom Dojo<\/span><\/h2>\n<p>[\/vc_column_text][vc_column_text css=&#8220;.vc_custom_1567063323398{padding-top: 30px !important;}&#8220;]<strong>Kampfkunst f\u00fcr jedes Alter.<\/strong><\/p>\n<p><strong>Haben sie Lust das urspr\u00fcngliche Shotokan-Karate kennen zu lernen?<\/strong><\/p>\n<p>Bei dieser ganzheitlichen Kampfkunst geht es um k\u00f6rperliche Fitness und um Pers\u00f6nlichkeitsbildung, aber nat\u00fcrlich auch um Selbstverteidigung.<\/p>\n<p>Nehmen sie bequeme Sportkleider mit und kommen sie unverbindlich auf ein Schnuppertraining vorbei![\/vc_column_text][\/vc_column][vc_column width=&#8220;1\/2&#8243;][vc_column_text css=&#8220;.vc_custom_1657543881929{padding-left: 30px !important;}&#8220;]<img loading=\"lazy\" decoding=\"async\" class=\"alignnone wp-image-2777 size-medium\" src=\"http:\/\/shotokankarate.ch\/wp-content\/uploads\/2017\/11\/Dojo_Weisslingen_2021.jpg\" alt=\"\" width=\"300\" height=\"228\" \/>[\/vc_column_text][\/vc_column][\/vc_row][\/vc_section][vc_section][vc_row css=&#8220;.vc_custom_1535114940947{margin-top: 30px !important;}&#8220;][vc_column width=&#8220;1\/2&#8243;][\/vc_column][vc_column width=&#8220;1\/2&#8243;][\/vc_column][\/vc_row][\/vc_section][vc_section full_width=&#8220;stretch_row&#8220; css=&#8220;.vc_custom_1535115085099{margin-top: 30px !important;padding-top: 40px !important;padding-bottom: 30px !important;background-color: #424242 !important;}&#8220;][vc_row css=&#8220;.vc_custom_1535111524774{margin-left: 5px !important;}&#8220;][vc_column width=&#8220;1\/3&#8243; css=&#8220;.vc_custom_1535111629694{border-top-width: 5px !important;border-right-width: 5px !important;border-bottom-width: 5px !important;border-left-width: 5px !important;background-color: #ffffff !important;border-left-color: #424242 !important;border-left-style: solid !important;border-right-color: #424242 !important;border-right-style: solid !important;border-top-color: #424242 !important;border-top-style: solid !important;border-bottom-color: #424242 !important;border-bottom-style: solid !important;}&#8220;][vc_column_text css=&#8220;.vc_custom_1567064576654{margin-top: -10px !important;padding-bottom: 20px !important;}&#8220;]<\/p>\n<p style=\"font-family: 'Source Sans Pro',sans-serif; color: #cbd2db; font-size: 20px;\"><span style=\"color: #636970;\">DIENSTAG NACHMITTAG\u00a0<\/span><br \/>\n<span style=\"font-family: 'Source Sans Pro',sans-serif; color: black; font-size: 14px;\">Mehrzweckhalle Widum in Weisslingen<br \/>\n<\/span><span style=\"font-family: 'Source Sans Pro',sans-serif; color: black; font-size: 14px;\">Dorfstrasse 40<br \/>\n<\/span><\/p>\n<p>[\/vc_column_text]<div class=\" vc_custom_1567063614705 ubtn-ctn-left etiquette\"><button type=\"button\" id=\"ubtn-6715\"  class=\"ubtn ult-adjust-bottom-margin ult-responsive ubtn-small ubtn-no-hover-bg  none  ubtn-left   tooltip-69e1be1e38a08\"  data-hover=\"\" data-border-color=\"\" data-bg=\"#303030\" data-hover-bg=\"\" data-border-hover=\"\" data-shadow-hover=\"\" data-shadow-click=\"none\" data-shadow=\"\" data-shd-shadow=\"\"  data-ultimate-target='#ubtn-6715'  data-responsive-json-new='{\"font-size\":\"desktop:18px;\",\"line-height\":\"\"}'  style=\"font-weight:normal;border-radius:0px;border-width:1px;border-color:;border-style:solid;background: #303030;color: #ffffff;\"><span class=\"ubtn-hover\" style=\"background-color:\"><\/span><span class=\"ubtn-data ubtn-text \" >16:45 - 17:45<\/span><\/button><\/div>[vc_row_inner css=&#8220;.vc_custom_1535113476928{margin-top: 5px !important;margin-right: 5px !important;margin-bottom: 20px !important;margin-left: 5px !important;border-top-width: 2px !important;border-right-width: 2px !important;border-bottom-width: 2px !important;border-left-width: 2px !important;border-left-color: #ededed !important;border-left-style: dashed !important;border-right-color: #ededed !important;border-right-style: dashed !important;border-top-color: #ededed !important;border-top-style: dashed !important;border-bottom-color: #ededed !important;border-bottom-style: dashed !important;border-radius: 5px !important;}&#8220;][vc_column_inner]<div class=\"aio-icon-component  vc_custom_1597841968333   style_2\"><a class=\"aio-icon-box-link\" href=\"https:\/\/goo.gl\/maps\/HqJYnCgbB1G1sbDR7\" target=\"_blank\" rel=\"noopener\" ><div id=\"Info-box-wrap-5363\" class=\"aio-icon-box left-icon\" style=\"\"  ><div class=\"aio-icon-left\"><div class=\"ult-just-icon-wrapper  \"><div class=\"align-icon\" style=\"text-align:center;\">\n<div class=\"aio-icon-img \" style=\"font-size:22px;display:inline-block;\" >\n\t<img decoding=\"async\" class=\"img-icon\" alt=\"null\" src=\"https:\/\/shotokankarate.ch\/wp-content\/uploads\/2018\/08\/google.png\"\/>\n<\/div><\/div><\/div><\/div><div class=\"aio-ibd-block\"><div class=\"aio-icon-header\" ><h3 class=\"aio-icon-title ult-responsive\"  data-ultimate-target='#Info-box-wrap-5363 .aio-icon-title'  data-responsive-json-new='{\"font-size\":\"desktop:18px;\",\"line-height\":\"\"}'  style=\"\">In Google Maps \u00f6ffnen<\/h3><\/div> <!-- header --><\/div> <!-- aio-ibd-block --><\/div> <!-- aio-icon-box --><\/a><\/div> <!-- aio-icon-component -->[\/vc_column_inner][\/vc_row_inner][\/vc_column][vc_column width=&#8220;1\/3&#8243; css=&#8220;.vc_custom_1535111647275{border-top-width: 5px !important;border-right-width: 5px !important;border-bottom-width: 5px !important;border-left-width: 5px !important;background-color: #ffffff !important;border-left-color: #424242 !important;border-left-style: solid !important;border-right-color: #424242 !important;border-right-style: solid !important;border-top-color: #424242 !important;border-top-style: solid !important;border-bottom-color: #424242 !important;border-bottom-style: solid !important;}&#8220;][vc_column_text css=&#8220;.vc_custom_1575806333690{margin-top: -10px !important;padding-bottom: 20px !important;}&#8220;]<\/p>\n<p style=\"font-family: 'Source Sans Pro',sans-serif; color: #cbd2db; font-size: 20px;\"><span style=\"color: #636970;\">DONNERSTAG ABEND<\/span><br \/>\n<span style=\"font-family: 'Source Sans Pro',sans-serif; color: black; font-size: 14px;\">&#8222;kleine Turnhalle&#8220; in Weisslingen<br \/>\n<\/span><span style=\"font-family: 'Source Sans Pro',sans-serif; color: black; font-size: 14px;\">Dettenriederstrasse 20<br \/>\n<\/span><\/p>\n<p>[\/vc_column_text]<div class=\" vc_custom_1567064645304 ubtn-ctn-left etiquette\"><button type=\"button\" id=\"ubtn-7312\"  class=\"ubtn ult-adjust-bottom-margin ult-responsive ubtn-small ubtn-no-hover-bg  none  ubtn-left   tooltip-69e1be1e38b3c\"  data-hover=\"\" data-border-color=\"\" data-bg=\"#303030\" data-hover-bg=\"\" data-border-hover=\"\" data-shadow-hover=\"\" data-shadow-click=\"none\" data-shadow=\"\" data-shd-shadow=\"\"  data-ultimate-target='#ubtn-7312'  data-responsive-json-new='{\"font-size\":\"desktop:18px;\",\"line-height\":\"\"}'  style=\"font-weight:normal;border-radius:0px;border-width:1px;border-color:;border-style:solid;background: #303030;color: #ffffff;\"><span class=\"ubtn-hover\" style=\"background-color:\"><\/span><span class=\"ubtn-data ubtn-text \" >19:30 - 21:00<\/span><\/button><\/div>[vc_row_inner css=&#8220;.vc_custom_1535113476928{margin-top: 5px !important;margin-right: 5px !important;margin-bottom: 20px !important;margin-left: 5px !important;border-top-width: 2px !important;border-right-width: 2px !important;border-bottom-width: 2px !important;border-left-width: 2px !important;border-left-color: #ededed !important;border-left-style: dashed !important;border-right-color: #ededed !important;border-right-style: dashed !important;border-top-color: #ededed !important;border-top-style: dashed !important;border-bottom-color: #ededed !important;border-bottom-style: dashed !important;border-radius: 5px !important;}&#8220;][vc_column_inner]<div class=\"aio-icon-component  vc_custom_1597841968333   style_2\"><a class=\"aio-icon-box-link\" href=\"https:\/\/goo.gl\/maps\/HqJYnCgbB1G1sbDR7\" target=\"_blank\" rel=\"noopener\" ><div id=\"Info-box-wrap-1414\" class=\"aio-icon-box left-icon\" style=\"\"  ><div class=\"aio-icon-left\"><div class=\"ult-just-icon-wrapper  \"><div class=\"align-icon\" style=\"text-align:center;\">\n<div class=\"aio-icon-img \" style=\"font-size:22px;display:inline-block;\" >\n\t<img decoding=\"async\" class=\"img-icon\" alt=\"null\" src=\"https:\/\/shotokankarate.ch\/wp-content\/uploads\/2018\/08\/google.png\"\/>\n<\/div><\/div><\/div><\/div><div class=\"aio-ibd-block\"><div class=\"aio-icon-header\" ><h3 class=\"aio-icon-title ult-responsive\"  data-ultimate-target='#Info-box-wrap-1414 .aio-icon-title'  data-responsive-json-new='{\"font-size\":\"desktop:18px;\",\"line-height\":\"\"}'  style=\"\">In Google Maps \u00f6ffnen<\/h3><\/div> <!-- header --><\/div> <!-- aio-ibd-block --><\/div> <!-- aio-icon-box --><\/a><\/div> <!-- aio-icon-component -->[\/vc_column_inner][\/vc_row_inner][\/vc_column][vc_column width=&#8220;1\/3&#8243; css=&#8220;.vc_custom_1535111665251{border-top-width: 5px !important;border-right-width: 5px !important;border-bottom-width: 5px !important;border-left-width: 5px !important;background-color: #ffffff !important;border-left-color: #424242 !important;border-left-style: solid !important;border-right-color: #424242 !important;border-right-style: solid !important;border-top-color: #424242 !important;border-top-style: solid !important;border-bottom-color: #424242 !important;border-bottom-style: solid !important;}&#8220;][\/vc_column][\/vc_row][vc_row][vc_column width=&#8220;2\/3&#8243;][\/vc_column][vc_column width=&#8220;1\/3&#8243;][\/vc_column][\/vc_row][\/vc_section][vc_section][vc_row css=&#8220;.vc_custom_1535114940947{margin-top: 30px !important;}&#8220;][vc_column][vc_row_inner][vc_column_inner][vc_column_text]<\/p>\n<h2><span style=\"font-weight: 400;\">Tarife<\/span><\/h2>\n<p>[\/vc_column_text][vc_column_text]<\/p>\n<h2 style=\"font-size: 20px; line-height: 30px; text-align: left;\"><span style=\"font-weight: 400; font-size: 24px; background-color: #f01a34; line-height: 30px;\"><span style=\"color: #ffffff;\"> Gratis Probemonat inklusive<\/span> <\/span><\/h2>\n<p>[\/vc_column_text][\/vc_column_inner][\/vc_row_inner][vc_row_inner][vc_column_inner width=&#8220;1\/3&#8243;][vc_column_text]<\/p>\n<h2 style=\"font-size: 20px; line-height: 24px; text-align: left;\"><span style=\"font-weight: 400; font-size: 24px; background-color: #212121; line-height: 28px;\"><span style=\"color: #ffffff;\"> Kinder<\/span><\/span><\/h2>\n<p>[\/vc_column_text][vc_column_text]<\/p>\n<h2 style=\"font-size: 20px; line-height: 24px; text-align: left;\"><span style=\"color: #000000; font-size: 24px; font-weight: 400;\">150 CHF \/ Jahr<\/span><\/h2>\n<p>[\/vc_column_text][\/vc_column_inner][vc_column_inner width=&#8220;1\/3&#8243;][vc_column_text]<\/p>\n<h2 style=\"font-size: 20px; line-height: 24px; text-align: left;\"><span style=\"font-weight: 400; font-size: 24px; background-color: #212121; line-height: 28px;\"><span style=\"color: #ffffff;\"> Studenten<\/span><\/span><\/h2>\n<p>[\/vc_column_text][vc_column_text]<\/p>\n<h2 style=\"font-size: 20px; line-height: 24px; text-align: left;\"><span style=\"color: #000000; font-size: 24px; font-weight: 400;\">250 CHF \/ Jahr<\/span><\/h2>\n<p>[\/vc_column_text][\/vc_column_inner][vc_column_inner width=&#8220;1\/3&#8243;][vc_column_text]<\/p>\n<h2 style=\"font-size: 20px; line-height: 24px; text-align: left;\"><span style=\"font-weight: 400; font-size: 24px; background-color: #212121; line-height: 28px;\"><span style=\"color: #ffffff;\"> Erwachsene<\/span><\/span><\/h2>\n<p>[\/vc_column_text][vc_column_text]<\/p>\n<h2 style=\"font-size: 20px; line-height: 24px; text-align: left;\"><span style=\"color: #000000; font-size: 24px; font-weight: 400;\">400 CHF \/ Jahr<\/span><\/h2>\n<p>[\/vc_column_text][\/vc_column_inner][\/vc_row_inner][vc_row_inner][vc_column_inner][vc_empty_space][vc_column_text]Die Tarife des Schweizer Shotokan Karate k\u00f6nnen je nach Dojos variieren.<br \/>\nDie Preise werden Ihnen bei Ihrer ersten Training mitgeteilt. [\/vc_column_text][\/vc_column_inner][\/vc_row_inner][\/vc_column][\/vc_row][\/vc_section][vc_section full_width=&#8220;stretch_row&#8220; css=&#8220;.vc_custom_1597837608145{margin-top: 30px !important;margin-bottom: -70px !important;padding-top: 30px !important;background-color: #f01a34 !important;}&#8220;][vc_row][vc_column width=&#8220;1\/2&#8243;][vc_column_text]<\/p>\n<h2><span style=\"color: #ffffff;\">Melde dich f\u00fcr einen gratis Probemonat an<\/span><\/h2>\n<p>[\/vc_column_text][\/vc_column][vc_column width=&#8220;1\/2&#8243;]<div class=\" vc_custom_1597837620689 ubtn-ctn-center \"><a class=\"ubtn-link ult-adjust-bottom-margin ubtn-center ubtn-normal \" href=\"http:\/\/shotokankarate.ch\/de\/dojo-kyburg-probezeit\/\" ><button type=\"button\" id=\"ubtn-7365\"  class=\"ubtn ult-adjust-bottom-margin ult-responsive ubtn-normal ubtn-no-hover-bg  none  ubtn-center   tooltip-69e1be1e38bf3\"  data-hover=\"\" data-border-color=\"\" data-bg=\"#222222\" data-hover-bg=\"\" data-border-hover=\"\" data-shadow-hover=\"\" data-shadow-click=\"none\" data-shadow=\"\" data-shd-shadow=\"\"  data-ultimate-target='#ubtn-7365'  data-responsive-json-new='{\"font-size\":\"desktop:14px;\",\"line-height\":\"desktop:20px;\"}'  style=\"font-weight:normal;border:none;background: #222222;color: #ffffff;\"><span class=\"ubtn-hover\" style=\"background-color:\"><\/span><span class=\"ubtn-data ubtn-text \" >Let&#039;s Go!<\/span><\/button><\/a><\/div>[\/vc_column][\/vc_row][\/vc_section]<\/p>\n<\/div>","protected":false},"excerpt":{"rendered":"<p>[vc_section][vc_row css=&#8220;.vc_custom_1535182107263{padding-top: 25px !important;padding-bottom: 25px !important;}&#8220;][vc_column width=&#8220;1\/2&#8243; css=&#8220;.vc_custom_1597837671688{padding-top: 30px !important;padding-bottom: 40px !important;background-color: #f01a34 !important;}&#8220;][vc_column_text css=&#8220;.vc_custom_1597837658838{background-color: #f01a34 !important;}&#8220;] Shotokan Karate Weisslingen [\/vc_column_text][\/vc_column][vc_column width=&#8220;1\/2&#8243; css=&#8220;.vc_custom_1535180184102{padding-top: 15px !important;padding-bottom: 25px !important;}&#8220;][vc_row_inner css=&#8220;.vc_custom_1535180382602{margin-top: 25px !important;}&#8220;][vc_column_inner width=&#8220;1\/2&#8243;][vc_column_text] Roland W\u00e4fler [\/vc_column_text][vc_column_text]www.karate-weisslingen.ch[\/vc_column_text][\/vc_column_inner][vc_column_inner el_class=&#8220;etiquette&#8220; width=&#8220;1\/2&#8243;][\/vc_column_inner][\/vc_row_inner][\/vc_column][\/vc_row][vc_row][vc_column width=&#8220;1\/2&#8243;][vc_column_text] Das Wort vom Dojo [\/vc_column_text][vc_column_text css=&#8220;.vc_custom_1567063323398{padding-top: 30px !important;}&#8220;]Kampfkunst f\u00fcr jedes Alter. Haben sie Lust das urspr\u00fcngliche Shotokan-Karate kennen&hellip;<\/p>\n","protected":false},"author":8,"featured_media":0,"parent":0,"menu_order":0,"comment_status":"closed","ping_status":"closed","template":"","meta":{"footnotes":""},"class_list":["post-1907","page","type-page","status-publish","hentry","description-off"],"_links":{"self":[{"href":"https:\/\/shotokankarate.ch\/de\/wp-json\/wp\/v2\/pages\/1907","targetHints":{"allow":["GET"]}}],"collection":[{"href":"https:\/\/shotokankarate.ch\/de\/wp-json\/wp\/v2\/pages"}],"about":[{"href":"https:\/\/shotokankarate.ch\/de\/wp-json\/wp\/v2\/types\/page"}],"author":[{"embeddable":true,"href":"https:\/\/shotokankarate.ch\/de\/wp-json\/wp\/v2\/users\/8"}],"replies":[{"embeddable":true,"href":"https:\/\/shotokankarate.ch\/de\/wp-json\/wp\/v2\/comments?post=1907"}],"version-history":[{"count":20,"href":"https:\/\/shotokankarate.ch\/de\/wp-json\/wp\/v2\/pages\/1907\/revisions"}],"predecessor-version":[{"id":9203,"href":"https:\/\/shotokankarate.ch\/de\/wp-json\/wp\/v2\/pages\/1907\/revisions\/9203"}],"wp:attachment":[{"href":"https:\/\/shotokankarate.ch\/de\/wp-json\/wp\/v2\/media?parent=1907"}],"curies":[{"name":"wp","href":"https:\/\/api.w.org\/{rel}","templated":true}]}}