{"id":1976,"date":"2019-09-11T10:11:01","date_gmt":"2019-09-11T10:11:01","guid":{"rendered":"http:\/\/shotokankarate.destinazio.info\/?page_id=1976"},"modified":"2026-03-18T16:12:59","modified_gmt":"2026-03-18T15:12:59","slug":"dojo-stetten","status":"publish","type":"page","link":"https:\/\/shotokankarate.ch\/de\/dojo-stetten\/","title":{"rendered":"Dojo Stetten"},"content":{"rendered":"<div class=\"wpb-content-wrapper\"><p>[vc_section][vc_row css=&#8220;.vc_custom_1535182107263{padding-top: 25px !important;padding-bottom: 25px !important;}&#8220;][vc_column width=&#8220;1\/2&#8243; css=&#8220;.vc_custom_1597833169280{padding-top: 30px !important;padding-bottom: 40px !important;background-color: #f01a34 !important;}&#8220;][vc_column_text css=&#8220;.vc_custom_1597833160280{background-color: #f01a34 !important;}&#8220;]<\/p>\n<h2 style=\"font-size: 48px; line-height: 52px; text-align: center;\"><span style=\"color: #ffffff;\">Karat\u00e9 Shotokan<\/span><\/h2>\n<h2 style=\"font-size: 48px; line-height: 52px; text-align: center;\"><span style=\"font-weight: 400; font-size: 48px; line-height: 52px;\"><span style=\"color: #ffffff;\">Stetten<\/span><\/span><\/h2>\n<p>[\/vc_column_text][\/vc_column][vc_column width=&#8220;1\/2&#8243; css=&#8220;.vc_custom_1535180184102{padding-top: 15px !important;padding-bottom: 25px !important;}&#8220;][vc_row_inner css=&#8220;.vc_custom_1535180382602{margin-top: 25px !important;}&#8220;][vc_column_inner width=&#8220;1\/2&#8243;][vc_column_text]<\/p>\n<p style=\"text-align: left; font-family: 'Open Sans'; font-size: 20px;\"><strong>Carmen Sutter<br \/>\n<\/strong><\/p>\n<p>[\/vc_column_text]<div class=\" vc_custom_1568199349582 ubtn-ctn-left \"><button type=\"button\" id=\"ubtn-1664\"  class=\"ubtn ult-adjust-bottom-margin ult-responsive ubtn-small ubtn-no-hover-bg  none  ubtn-left   tooltip-69f272a2c1239\"  data-hover=\"\" data-border-color=\"\" data-bg=\"#282828\" data-hover-bg=\"\" data-border-hover=\"\" data-shadow-hover=\"\" data-shadow-click=\"none\" data-shadow=\"\" data-shd-shadow=\"\"  data-ultimate-target='#ubtn-1664'  data-responsive-json-new='{\"font-size\":\"desktop:16px;\",\"line-height\":\"\"}'  style=\"font-weight:bold;border-radius:0px;border-width:1px;border-color:;border-style:solid;background: #282828;color: #ffffff;\"><span class=\"ubtn-hover\" style=\"background-color:\"><\/span><span class=\"ubtn-data ubtn-text \" >5. DAN<\/span><\/button><\/div><div class=\"aio-icon-component    style_1\"><div id=\"Info-box-wrap-4669\" class=\"aio-icon-box left-icon\" style=\"\"  ><div class=\"aio-icon-left\"><div class=\"ult-just-icon-wrapper  \"><div class=\"align-icon\" style=\"text-align:center;\">\n<div class=\"aio-icon-img \" style=\"font-size:22px;display:inline-block;\" >\n\t<img decoding=\"async\" class=\"img-icon\" alt=\"null\" src=\"https:\/\/shotokankarate.ch\/wp-content\/uploads\/2018\/08\/phone.png\"\/>\n<\/div><\/div><\/div><\/div><div class=\"aio-ibd-block\"><div class=\"aio-icon-header\" ><h3 class=\"aio-icon-title ult-responsive\"  data-ultimate-target='#Info-box-wrap-4669 .aio-icon-title'  data-responsive-json-new='{\"font-size\":\"desktop:18px;\",\"line-height\":\"\"}'  style=\"\">052 643 57 28<\/h3><\/div> <!-- header --><\/div> <!-- aio-ibd-block --><\/div> <!-- aio-icon-box --><\/div> <!-- aio-icon-component --><div class=\"aio-icon-component    style_1\"><div id=\"Info-box-wrap-2042\" class=\"aio-icon-box left-icon\" style=\"\"  ><div class=\"aio-icon-left\"><div class=\"ult-just-icon-wrapper  \"><div class=\"align-icon\" style=\"text-align:center;\">\n<div class=\"aio-icon-img \" style=\"font-size:22px;display:inline-block;\" >\n\t<img decoding=\"async\" class=\"img-icon\" alt=\"null\" src=\"https:\/\/shotokankarate.ch\/wp-content\/uploads\/2018\/08\/phone.png\"\/>\n<\/div><\/div><\/div><\/div><div class=\"aio-ibd-block\"><div class=\"aio-icon-header\" ><h3 class=\"aio-icon-title ult-responsive\"  data-ultimate-target='#Info-box-wrap-2042 .aio-icon-title'  data-responsive-json-new='{\"font-size\":\"desktop:18px;\",\"line-height\":\"\"}'  style=\"\">079 532 03 56<\/h3><\/div> <!-- header --><\/div> <!-- aio-ibd-block --><\/div> <!-- aio-icon-box --><\/div> <!-- aio-icon-component --><div class=\"aio-icon-component  vc_custom_1539951407670   style_1\"><div id=\"Info-box-wrap-7536\" class=\"aio-icon-box left-icon\" style=\"\"  ><div class=\"aio-icon-left\"><div class=\"ult-just-icon-wrapper  \"><div class=\"align-icon\" style=\"text-align:center;\">\n<div class=\"aio-icon-img \" style=\"font-size:22px;display:inline-block;\" >\n\t<img decoding=\"async\" class=\"img-icon\" alt=\"null\" src=\"https:\/\/shotokankarate.ch\/wp-content\/uploads\/2018\/08\/email.png\"\/>\n<\/div><\/div><\/div><\/div><div class=\"aio-ibd-block\"><div class=\"aio-icon-header\" ><h3 class=\"aio-icon-title ult-responsive\"  data-ultimate-target='#Info-box-wrap-7536 .aio-icon-title'  data-responsive-json-new='{\"font-size\":\"desktop:18px;\",\"line-height\":\"\"}'  style=\"\">sutter.carmen@bluewin.ch<\/h3><\/div> <!-- header --><\/div> <!-- aio-ibd-block --><\/div> <!-- aio-icon-box --><\/div> <!-- aio-icon-component -->[\/vc_column_inner][vc_column_inner el_class=&#8220;etiquette&#8220; width=&#8220;1\/2&#8243;]<div class=\" vc_custom_1597833138793 ubtn-ctn-left etiquette\"><a class=\"ubtn-link ult-adjust-bottom-margin ubtn-left ubtn-small etiquette\" href=\"http:\/\/shotokankarate.ch\/de\/dojo-stetten-probezeit\/\" rel=\"nofollow \" ><button type=\"button\" id=\"ubtn-9603\"  class=\"ubtn ult-adjust-bottom-margin ult-responsive ubtn-small ubtn-no-hover-bg  none  ubtn-left   tooltip-69f272a2c1710\"  data-hover=\"#ffffff\" data-border-color=\"#ffffff\" data-bg=\"#303030\" data-hover-bg=\"#424242\" data-border-hover=\"#ffffff\" data-shadow-hover=\"\" data-shadow-click=\"none\" data-shadow=\"\" data-shd-shadow=\"\"  data-ultimate-target='#ubtn-9603'  data-responsive-json-new='{\"font-size\":\"desktop:18px;\",\"line-height\":\"\"}'  style=\"font-weight:normal;border-radius:0px;border-width:2px;border-color:#ffffff;border-style:solid;background: #303030;color: #ffffff;\"><span class=\"ubtn-data ubtn-icon\"><i class=\"none\" style=\"font-size:32px;color:#f9f9f9;\"><\/i><\/span><span class=\"ubtn-hover\" style=\"background-color:#424242\"><\/span><span class=\"ubtn-data ubtn-text \" >Gratis Probemonat<\/span><\/button><\/a><\/div>[\/vc_column_inner][\/vc_row_inner][\/vc_column][\/vc_row][vc_row][vc_column width=&#8220;1\/2&#8243;][vc_column_text]<\/p>\n<h2><span style=\"font-weight: 400;\">Das Wort vom Dojo<br \/>\n<\/span><\/h2>\n<p>[\/vc_column_text][vc_column_text css=&#8220;.vc_custom_1568199407254{padding-top: 30px !important;}&#8220;]<em>\u201cKarate bedeutet, im t\u00e4glichen Leben K\u00f6rper und Geist dem\u00fctig zu trainieren und sie weiter zu entwickeln, in kritischen Zeiten jedoch mit aller Entschiedenheit der Gerechtigkeit zu dienen.\u201d<\/em><\/p>\n<p><em>Gichin Funakoshi<\/em><\/p>\n<p>Gef\u00f6rdert werden Koordination, Atmung, Gleichgewicht, Reaktion, Schnelligkeit, Koordination, mentale St\u00e4rke[\/vc_column_text][\/vc_column][vc_column width=&#8220;1\/2&#8243;][vc_column_text]<a href=\"http:\/\/shotokankarate.ch\/wp-content\/uploads\/2017\/11\/ssk-carmen.jpeg\"><img loading=\"lazy\" decoding=\"async\" class=\"alignnone size-full wp-image-854\" src=\"http:\/\/shotokankarate.ch\/wp-content\/uploads\/2017\/11\/ssk-carmen.jpeg\" alt=\"\" width=\"200\" height=\"200\" srcset=\"https:\/\/shotokankarate.ch\/wp-content\/uploads\/2017\/11\/ssk-carmen.jpeg 200w, https:\/\/shotokankarate.ch\/wp-content\/uploads\/2017\/11\/ssk-carmen-150x150.jpeg 150w, https:\/\/shotokankarate.ch\/wp-content\/uploads\/2017\/11\/ssk-carmen-100x100.jpeg 100w\" sizes=\"auto, (max-width: 200px) 100vw, 200px\" \/><\/a>[\/vc_column_text][vc_column_text css=&#8220;.vc_custom_1539951484774{padding-left: 30px !important;}&#8220;][\/vc_column_text][\/vc_column][\/vc_row][\/vc_section][vc_section][vc_row css=&#8220;.vc_custom_1535114940947{margin-top: 30px !important;}&#8220;][vc_column width=&#8220;1\/2&#8243;][\/vc_column][vc_column width=&#8220;1\/2&#8243;][\/vc_column][\/vc_row][\/vc_section][vc_section full_width=&#8220;stretch_row&#8220; css=&#8220;.vc_custom_1535115085099{margin-top: 30px !important;padding-top: 40px !important;padding-bottom: 30px !important;background-color: #424242 !important;}&#8220;][vc_row css=&#8220;.vc_custom_1535111524774{margin-left: 5px !important;}&#8220;][vc_column width=&#8220;1\/3&#8243; css=&#8220;.vc_custom_1535111629694{border-top-width: 5px !important;border-right-width: 5px !important;border-bottom-width: 5px !important;border-left-width: 5px !important;background-color: #ffffff !important;border-left-color: #424242 !important;border-left-style: solid !important;border-right-color: #424242 !important;border-right-style: solid !important;border-top-color: #424242 !important;border-top-style: solid !important;border-bottom-color: #424242 !important;border-bottom-style: solid !important;}&#8220;][vc_column_text css=&#8220;.vc_custom_1597841588243{margin-top: -10px !important;padding-bottom: 20px !important;}&#8220;]<\/p>\n<p style=\"font-family: 'Source Sans Pro',sans-serif; color: #cbd2db; font-size: 20px;\"><span style=\"color: #636970;\">MITTWOCH<\/span><br \/>\n<span style=\"font-family: 'Source Sans Pro',sans-serif; color: black; font-size: 14px;\">Mehrzweckhalle Rietwies<br \/>\nBr\u00e4mlenstrasse 2<br \/>\nCH-8234 Stetten \/ SH<\/span><\/p>\n<p>[\/vc_column_text]<div class=\" vc_custom_1773846728428 ubtn-ctn-left etiquette\"><button type=\"button\" id=\"ubtn-7854\"  class=\"ubtn ult-adjust-bottom-margin ult-responsive ubtn-small ubtn-no-hover-bg  none  ubtn-left   tooltip-69f272a2c177d\"  data-hover=\"\" data-border-color=\"\" data-bg=\"#000000\" data-hover-bg=\"\" data-border-hover=\"\" data-shadow-hover=\"\" data-shadow-click=\"none\" data-shadow=\"\" data-shd-shadow=\"\"  data-ultimate-target='#ubtn-7854'  data-responsive-json-new='{\"font-size\":\"desktop:18px;\",\"line-height\":\"\"}'  style=\"font-weight:normal;border-radius:0px;border-width:1px;border-color:;border-style:solid;background: #000000;color: #ffffff;\"><span class=\"ubtn-hover\" style=\"background-color:\"><\/span><span class=\"ubtn-data ubtn-text \" >Kindertraining ab 6-j\u00e4hrig<\/span><\/button><\/div><div class=\" vc_custom_1568199133960 ubtn-ctn-left etiquette\"><button type=\"button\" id=\"ubtn-1505\"  class=\"ubtn ult-adjust-bottom-margin ult-responsive ubtn-small ubtn-no-hover-bg  none  ubtn-left   tooltip-69f272a2c17db\"  data-hover=\"\" data-border-color=\"\" data-bg=\"#303030\" data-hover-bg=\"\" data-border-hover=\"\" data-shadow-hover=\"\" data-shadow-click=\"none\" data-shadow=\"\" data-shd-shadow=\"\"  data-ultimate-target='#ubtn-1505'  data-responsive-json-new='{\"font-size\":\"desktop:18px;\",\"line-height\":\"\"}'  style=\"font-weight:normal;border-radius:0px;border-width:1px;border-color:;border-style:solid;background: #303030;color: #ffffff;\"><span class=\"ubtn-hover\" style=\"background-color:\"><\/span><span class=\"ubtn-data ubtn-text \" >18:30-19:30<\/span><\/button><\/div>[vc_row_inner css=&#8220;.vc_custom_1535113476928{margin-top: 5px !important;margin-right: 5px !important;margin-bottom: 20px !important;margin-left: 5px !important;border-top-width: 2px !important;border-right-width: 2px !important;border-bottom-width: 2px !important;border-left-width: 2px !important;border-left-color: #ededed !important;border-left-style: dashed !important;border-right-color: #ededed !important;border-right-style: dashed !important;border-top-color: #ededed !important;border-top-style: dashed !important;border-bottom-color: #ededed !important;border-bottom-style: dashed !important;border-radius: 5px !important;}&#8220;][vc_column_inner]<div class=\"aio-icon-component  vc_custom_1597841574509   style_2\"><a class=\"aio-icon-box-link\" href=\"https:\/\/goo.gl\/maps\/oDFcK3bNWB52\" target=\"_blank\" rel=\"noopener\" ><div id=\"Info-box-wrap-2778\" class=\"aio-icon-box left-icon\" style=\"\"  ><div class=\"aio-icon-left\"><div class=\"ult-just-icon-wrapper  \"><div class=\"align-icon\" style=\"text-align:center;\">\n<div class=\"aio-icon-img \" style=\"font-size:22px;display:inline-block;\" >\n\t<img decoding=\"async\" class=\"img-icon\" alt=\"null\" src=\"https:\/\/shotokankarate.ch\/wp-content\/uploads\/2018\/08\/google.png\"\/>\n<\/div><\/div><\/div><\/div><div class=\"aio-ibd-block\"><div class=\"aio-icon-header\" ><h3 class=\"aio-icon-title ult-responsive\"  data-ultimate-target='#Info-box-wrap-2778 .aio-icon-title'  data-responsive-json-new='{\"font-size\":\"desktop:18px;\",\"line-height\":\"\"}'  style=\"\">In Google Maps \u00f6ffnen<\/h3><\/div> <!-- header --><\/div> <!-- aio-ibd-block --><\/div> <!-- aio-icon-box --><\/a><\/div> <!-- aio-icon-component -->[\/vc_column_inner][\/vc_row_inner][\/vc_column][vc_column width=&#8220;1\/3&#8243; css=&#8220;.vc_custom_1535111665251{border-top-width: 5px !important;border-right-width: 5px !important;border-bottom-width: 5px !important;border-left-width: 5px !important;background-color: #ffffff !important;border-left-color: #424242 !important;border-left-style: solid !important;border-right-color: #424242 !important;border-right-style: solid !important;border-top-color: #424242 !important;border-top-style: solid !important;border-bottom-color: #424242 !important;border-bottom-style: solid !important;}&#8220;][vc_column_text css=&#8220;.vc_custom_1597841560624{margin-top: -10px !important;padding-bottom: 20px !important;}&#8220;]<\/p>\n<p style=\"font-family: 'Source Sans Pro',sans-serif; color: #cbd2db; font-size: 20px;\"><span style=\"color: #636970;\">MITTWOCH ABEND<\/span><br \/>\n<span style=\"font-family: 'Source Sans Pro',sans-serif; color: black; font-size: 14px;\">Mehrzweckhalle Rietwies<br \/>\nBr\u00e4mlenstrasse 2<br \/>\nCH-8234 Stetten \/ SH<\/span><\/p>\n<p>[\/vc_column_text]<div class=\" vc_custom_1773846742718 ubtn-ctn-left etiquette\"><button type=\"button\" id=\"ubtn-6351\"  class=\"ubtn ult-adjust-bottom-margin ult-responsive ubtn-small ubtn-no-hover-bg  none  ubtn-left   tooltip-69f272a2c19ac\"  data-hover=\"\" data-border-color=\"\" data-bg=\"#000000\" data-hover-bg=\"\" data-border-hover=\"\" data-shadow-hover=\"\" data-shadow-click=\"none\" data-shadow=\"\" data-shd-shadow=\"\"  data-ultimate-target='#ubtn-6351'  data-responsive-json-new='{\"font-size\":\"desktop:18px;\",\"line-height\":\"\"}'  style=\"font-weight:normal;border-radius:0px;border-width:1px;border-color:;border-style:solid;background: #000000;color: #ffffff;\"><span class=\"ubtn-hover\" style=\"background-color:\"><\/span><span class=\"ubtn-data ubtn-text \" >Erwachsenentraining ab 14-j\u00e4hrig<\/span><\/button><\/div><div class=\" vc_custom_1568199170648 ubtn-ctn-left etiquette\"><button type=\"button\" id=\"ubtn-2317\"  class=\"ubtn ult-adjust-bottom-margin ult-responsive ubtn-small ubtn-no-hover-bg  none  ubtn-left   tooltip-69f272a2c1a03\"  data-hover=\"\" data-border-color=\"\" data-bg=\"#303030\" data-hover-bg=\"\" data-border-hover=\"\" data-shadow-hover=\"\" data-shadow-click=\"none\" data-shadow=\"\" data-shd-shadow=\"\"  data-ultimate-target='#ubtn-2317'  data-responsive-json-new='{\"font-size\":\"desktop:18px;\",\"line-height\":\"\"}'  style=\"font-weight:normal;border-radius:0px;border-width:1px;border-color:;border-style:solid;background: #303030;color: #ffffff;\"><span class=\"ubtn-hover\" style=\"background-color:\"><\/span><span class=\"ubtn-data ubtn-text \" >19:30 - 21:00<\/span><\/button><\/div>[vc_row_inner css=&#8220;.vc_custom_1535113476928{margin-top: 5px !important;margin-right: 5px !important;margin-bottom: 20px !important;margin-left: 5px !important;border-top-width: 2px !important;border-right-width: 2px !important;border-bottom-width: 2px !important;border-left-width: 2px !important;border-left-color: #ededed !important;border-left-style: dashed !important;border-right-color: #ededed !important;border-right-style: dashed !important;border-top-color: #ededed !important;border-top-style: dashed !important;border-bottom-color: #ededed !important;border-bottom-style: dashed !important;border-radius: 5px !important;}&#8220;][vc_column_inner]<div class=\"aio-icon-component  vc_custom_1597841574509   style_2\"><a class=\"aio-icon-box-link\" href=\"https:\/\/goo.gl\/maps\/oDFcK3bNWB52\" target=\"_blank\" rel=\"noopener\" ><div id=\"Info-box-wrap-6130\" class=\"aio-icon-box left-icon\" style=\"\"  ><div class=\"aio-icon-left\"><div class=\"ult-just-icon-wrapper  \"><div class=\"align-icon\" style=\"text-align:center;\">\n<div class=\"aio-icon-img \" style=\"font-size:22px;display:inline-block;\" >\n\t<img decoding=\"async\" class=\"img-icon\" alt=\"null\" src=\"https:\/\/shotokankarate.ch\/wp-content\/uploads\/2018\/08\/google.png\"\/>\n<\/div><\/div><\/div><\/div><div class=\"aio-ibd-block\"><div class=\"aio-icon-header\" ><h3 class=\"aio-icon-title ult-responsive\"  data-ultimate-target='#Info-box-wrap-6130 .aio-icon-title'  data-responsive-json-new='{\"font-size\":\"desktop:18px;\",\"line-height\":\"\"}'  style=\"\">In Google Maps \u00f6ffnen<\/h3><\/div> <!-- header --><\/div> <!-- aio-ibd-block --><\/div> <!-- aio-icon-box --><\/a><\/div> <!-- aio-icon-component -->[\/vc_column_inner][\/vc_row_inner][\/vc_column][\/vc_row][vc_row][vc_column width=&#8220;2\/3&#8243;][vc_column_text css=&#8220;.vc_custom_1575079051499{margin-top: 15px !important;}&#8220;]<span style=\"color: #ffffff;\">*Die Kurse werden w\u00e4hrend der Schulferien unterbrochen.<\/span>[\/vc_column_text][\/vc_column][vc_column width=&#8220;1\/3&#8243;][\/vc_column][\/vc_row][\/vc_section][vc_section][vc_row css=&#8220;.vc_custom_1535114940947{margin-top: 30px !important;}&#8220;][vc_column][vc_row_inner][vc_column_inner][vc_column_text]<\/p>\n<h2><span style=\"font-weight: 400;\">Tarife<\/span><\/h2>\n<p>[\/vc_column_text][vc_column_text]<\/p>\n<h2 style=\"font-size: 20px; line-height: 30px; text-align: left;\"><span style=\"font-weight: 400; font-size: 24px; background-color: #f01a34; line-height: 30px;\"><span style=\"color: #ffffff;\">Gratis Probemonat inklusive<\/span> <\/span><\/h2>\n<p>[\/vc_column_text][\/vc_column_inner][\/vc_row_inner][vc_row_inner][vc_column_inner width=&#8220;1\/3&#8243;][vc_column_text]<\/p>\n<h2 style=\"font-size: 20px; line-height: 24px; text-align: left;\"><span style=\"font-weight: 400; font-size: 24px; background-color: #212121; line-height: 28px;\"><span style=\"color: #ffffff;\"> KINDER<\/span> <\/span><\/h2>\n<p>[\/vc_column_text][vc_column_text]<\/p>\n<h2 style=\"font-size: 20px; line-height: 24px; text-align: left;\"><span style=\"font-weight: 400; font-size: 24px; line-height: 28px;\"><span style=\"color: #00000;\"> 150CHF\/ Jahr<\/span> <\/span><\/h2>\n<p>[\/vc_column_text][\/vc_column_inner][vc_column_inner width=&#8220;1\/3&#8243;][vc_column_text]<\/p>\n<h2 style=\"font-size: 20px; line-height: 24px; text-align: left;\"><span style=\"font-weight: 400; font-size: 24px; background-color: #212121; line-height: 28px;\"><span style=\"color: #ffffff;\"> STUDENTEN<\/span> <\/span><\/h2>\n<p>[\/vc_column_text][vc_column_text]<\/p>\n<h2 style=\"font-size: 20px; line-height: 24px; text-align: left;\"><span style=\"font-weight: 400; font-size: 24px; line-height: 28px;\"><span style=\"color: #00000;\"> 250CHF\/ Jahr<\/span> <\/span><\/h2>\n<p>[\/vc_column_text][\/vc_column_inner][vc_column_inner width=&#8220;1\/3&#8243;][vc_column_text]<\/p>\n<h2 style=\"font-size: 20px; line-height: 24px; text-align: left;\"><span style=\"font-weight: 400; font-size: 24px; background-color: #212121; line-height: 28px;\"><span style=\"color: #ffffff;\"> ERWACHSENE<\/span> <\/span><\/h2>\n<p>[\/vc_column_text][vc_column_text]<\/p>\n<h2 style=\"font-size: 20px; line-height: 24px; text-align: left;\"><span style=\"font-weight: 400; font-size: 24px; line-height: 28px;\"><span style=\"color: #00000;\"> 400CHF\/ Jahr<\/span> <\/span><\/h2>\n<p>[\/vc_column_text][\/vc_column_inner][\/vc_row_inner][vc_row_inner][vc_column_inner][vc_empty_space][vc_column_text css=&#8220;&#8220;]Die Tarife des Schweizer Shotokan Karate k\u00f6nnen je nach Dojo variieren.<br \/>\nDie Preise werden Ihnen bei Ihrer ersten Training mitgeteilt.[\/vc_column_text][\/vc_column_inner][\/vc_row_inner][\/vc_column][\/vc_row][\/vc_section][vc_section full_width=&#8220;stretch_row&#8220; css=&#8220;.vc_custom_1597833270073{margin-top: 30px !important;margin-bottom: -70px !important;padding-top: 30px !important;background-color: #f01a34 !important;}&#8220;][vc_row][vc_column width=&#8220;1\/2&#8243;][vc_column_text]<\/p>\n<h2><span style=\"color: #ffffff;\">Melde dich f\u00fcr einen gratis Probemonat an <\/span><\/h2>\n<p>[\/vc_column_text][\/vc_column][vc_column width=&#8220;1\/2&#8243;]<div class=\" vc_custom_1597833261104 ubtn-ctn-center \"><a class=\"ubtn-link ult-adjust-bottom-margin ubtn-center ubtn-normal \" href=\"http:\/\/shotokankarate.ch\/de\/dojo-stetten-probezeit\/\" ><button type=\"button\" id=\"ubtn-9169\"  class=\"ubtn ult-adjust-bottom-margin ult-responsive ubtn-normal ubtn-no-hover-bg  none  ubtn-center   tooltip-69f272a2c1b24\"  data-hover=\"\" data-border-color=\"\" data-bg=\"#222222\" data-hover-bg=\"\" data-border-hover=\"\" data-shadow-hover=\"\" data-shadow-click=\"none\" data-shadow=\"\" data-shd-shadow=\"\"  data-ultimate-target='#ubtn-9169'  data-responsive-json-new='{\"font-size\":\"desktop:14px;\",\"line-height\":\"desktop:20px;\"}'  style=\"font-weight:normal;border:none;background: #222222;color: #ffffff;\"><span class=\"ubtn-hover\" style=\"background-color:\"><\/span><span class=\"ubtn-data ubtn-text \" >Let&#039;s Go!<\/span><\/button><\/a><\/div>[\/vc_column][\/vc_row][\/vc_section]<\/p>\n<\/div>","protected":false},"excerpt":{"rendered":"<p>[vc_section][vc_row css=&#8220;.vc_custom_1535182107263{padding-top: 25px !important;padding-bottom: 25px !important;}&#8220;][vc_column width=&#8220;1\/2&#8243; css=&#8220;.vc_custom_1597833169280{padding-top: 30px !important;padding-bottom: 40px !important;background-color: #f01a34 !important;}&#8220;][vc_column_text css=&#8220;.vc_custom_1597833160280{background-color: #f01a34 !important;}&#8220;] Karat\u00e9 Shotokan Stetten [\/vc_column_text][\/vc_column][vc_column width=&#8220;1\/2&#8243; css=&#8220;.vc_custom_1535180184102{padding-top: 15px !important;padding-bottom: 25px !important;}&#8220;][vc_row_inner css=&#8220;.vc_custom_1535180382602{margin-top: 25px !important;}&#8220;][vc_column_inner width=&#8220;1\/2&#8243;][vc_column_text] Carmen Sutter [\/vc_column_text][\/vc_column_inner][vc_column_inner el_class=&#8220;etiquette&#8220; width=&#8220;1\/2&#8243;][\/vc_column_inner][\/vc_row_inner][\/vc_column][\/vc_row][vc_row][vc_column width=&#8220;1\/2&#8243;][vc_column_text] Das Wort vom Dojo [\/vc_column_text][vc_column_text css=&#8220;.vc_custom_1568199407254{padding-top: 30px !important;}&#8220;]\u201cKarate bedeutet, im t\u00e4glichen Leben K\u00f6rper und Geist dem\u00fctig zu trainieren&hellip;<\/p>\n","protected":false},"author":8,"featured_media":0,"parent":0,"menu_order":0,"comment_status":"closed","ping_status":"closed","template":"","meta":{"footnotes":""},"class_list":["post-1976","page","type-page","status-publish","hentry","description-off"],"_links":{"self":[{"href":"https:\/\/shotokankarate.ch\/de\/wp-json\/wp\/v2\/pages\/1976","targetHints":{"allow":["GET"]}}],"collection":[{"href":"https:\/\/shotokankarate.ch\/de\/wp-json\/wp\/v2\/pages"}],"about":[{"href":"https:\/\/shotokankarate.ch\/de\/wp-json\/wp\/v2\/types\/page"}],"author":[{"embeddable":true,"href":"https:\/\/shotokankarate.ch\/de\/wp-json\/wp\/v2\/users\/8"}],"replies":[{"embeddable":true,"href":"https:\/\/shotokankarate.ch\/de\/wp-json\/wp\/v2\/comments?post=1976"}],"version-history":[{"count":17,"href":"https:\/\/shotokankarate.ch\/de\/wp-json\/wp\/v2\/pages\/1976\/revisions"}],"predecessor-version":[{"id":9891,"href":"https:\/\/shotokankarate.ch\/de\/wp-json\/wp\/v2\/pages\/1976\/revisions\/9891"}],"wp:attachment":[{"href":"https:\/\/shotokankarate.ch\/de\/wp-json\/wp\/v2\/media?parent=1976"}],"curies":[{"name":"wp","href":"https:\/\/api.w.org\/{rel}","templated":true}]}}