{"id":2035,"date":"2019-11-19T14:49:23","date_gmt":"2019-11-19T14:49:23","guid":{"rendered":"http:\/\/shotokankarate.destinazio.info\/ssk-stage-special-dhiver-a-st-maurice-2020\/"},"modified":"2019-12-04T21:51:07","modified_gmt":"2019-12-04T21:51:07","slug":"ssk-stage-special-dhiver-a-st-maurice-2020","status":"publish","type":"page","link":"https:\/\/shotokankarate.ch\/de\/ssk-stage-special-dhiver-a-st-maurice-2020\/","title":{"rendered":"SSK Winterspezialtraining in St. Maurice 2020"},"content":{"rendered":"<div class=\"wpb-content-wrapper\"><p>[vc_section][vc_row][vc_column][vc_column_text]<a href=\"http:\/\/shotokankarate.destinazio.info\/wp-content\/uploads\/2019\/05\/stage-1.png\"><img loading=\"lazy\" decoding=\"async\" class=\"alignnone wp-image-1768 size-full\" src=\"http:\/\/shotokankarate.destinazio.info\/wp-content\/uploads\/2019\/05\/stage-1.png\" alt=\"\" width=\"619\" height=\"163\" srcset=\"https:\/\/shotokankarate.ch\/wp-content\/uploads\/2019\/05\/stage-1.png 619w, https:\/\/shotokankarate.ch\/wp-content\/uploads\/2019\/05\/stage-1-600x158.png 600w, https:\/\/shotokankarate.ch\/wp-content\/uploads\/2019\/05\/stage-1-300x79.png 300w, https:\/\/shotokankarate.ch\/wp-content\/uploads\/2019\/05\/stage-1-570x150.png 570w, https:\/\/shotokankarate.ch\/wp-content\/uploads\/2019\/05\/stage-1-456x120.png 456w\" sizes=\"auto, (max-width: 619px) 100vw, 619px\" \/><\/a>[\/vc_column_text][\/vc_column][\/vc_row][\/vc_section][vc_section][vc_row][vc_column width=&#8220;1\/2&#8243;][vc_column_text]<\/p>\n<h2>Details des Spezialtrainings<\/h2>\n<p>[\/vc_column_text]<div class=\" vc_custom_1575316887874 ubtn-ctn-left etiquette\"><button type=\"button\" id=\"ubtn-9561\"  class=\"ubtn ult-adjust-bottom-margin ult-responsive ubtn-small ubtn-no-hover-bg  none  ubtn-left etiquette  tooltip-69f335f5b67a1\"  data-hover=\"\" data-border-color=\"\" data-bg=\"#46cb18\" data-hover-bg=\"\" data-border-hover=\"\" data-shadow-hover=\"\" data-shadow-click=\"none\" data-shadow=\"\" data-shd-shadow=\"\"  data-ultimate-target='#ubtn-9561'  data-responsive-json-new='{\"font-size\":\"desktop:18px;\",\"line-height\":\"\"}'  style=\"font-weight:normal;border-radius:0px;border-width:1px;border-color:;border-style:solid;background: #46cb18;color: #ffffff;\"><span class=\"ubtn-hover\" style=\"background-color:\"><\/span><span class=\"ubtn-data ubtn-text \" >Alle Grade<\/span><\/button><\/div><div class=\" vc_custom_1575316905955 ubtn-ctn-left etiquette\"><button type=\"button\" id=\"ubtn-6159\"  class=\"ubtn ult-adjust-bottom-margin ult-responsive ubtn-small ubtn-no-hover-bg  none  ubtn-left etiquette  tooltip-69f335f5b6820\"  data-hover=\"\" data-border-color=\"\" data-bg=\"#444444\" data-hover-bg=\"\" data-border-hover=\"\" data-shadow-hover=\"\" data-shadow-click=\"none\" data-shadow=\"\" data-shd-shadow=\"\"  data-ultimate-target='#ubtn-6159'  data-responsive-json-new='{\"font-size\":\"desktop:18px;\",\"line-height\":\"\"}'  style=\"font-weight:normal;border-radius:0px;border-width:1px;border-color:;border-style:solid;background: #444444;color: #ffffff;\"><span class=\"ubtn-hover\" style=\"background-color:\"><\/span><span class=\"ubtn-data ubtn-text \" >Ab 16 Jahren<\/span><\/button><\/div>[vc_column_text]Beginn erstes Training : Freitag 17 Januar um 17:00<br \/>\nEnde Stage : Sonntag 19 Januar um 12:00<br \/>\nPreis : CHF 170.- (Essen und \u00dcbernachtung inklusive)[\/vc_column_text][\/vc_column][vc_column width=&#8220;1\/2&#8243;][vc_column_text]<\/p>\n<h2>Ort des Spezialtrainings<\/h2>\n<p>[\/vc_column_text][vc_column_text]Lieu :\u00a0Abbaye de St-Maurice, Av. d&#8217;Agaune 11,CH-1890 St-Maurice<br \/>\nContact :\u00a0Alain Roduit 079 337 93 92[\/vc_column_text][vc_row_inner css=&#8220;.vc_custom_1557850340512{margin-top: 5px !important;margin-right: 5px !important;margin-bottom: 20px !important;margin-left: 5px !important;border-top-width: 2px !important;border-right-width: 2px !important;border-bottom-width: 2px !important;border-left-width: 2px !important;border-left-color: #ededed !important;border-left-style: dashed !important;border-right-color: #ededed !important;border-right-style: dashed !important;border-top-color: #ededed !important;border-top-style: dashed !important;border-bottom-color: #ededed !important;border-bottom-style: dashed !important;border-radius: 5px !important;}&#8220;][vc_column_inner]<div class=\"aio-icon-component  vc_custom_1557850460997   style_2\"><a class=\"aio-icon-box-link\" href=\"https:\/\/goo.gl\/maps\/9SYDHQRLM7fZupsC7\" ><div id=\"Info-box-wrap-4963\" class=\"aio-icon-box left-icon\" style=\"\"  ><div class=\"aio-icon-left\"><div class=\"ult-just-icon-wrapper  \"><div class=\"align-icon\" style=\"text-align:center;\">\n<div class=\"aio-icon-img \" style=\"font-size:22px;display:inline-block;\" >\n\t<img decoding=\"async\" class=\"img-icon\" alt=\"null\" src=\"https:\/\/shotokankarate.ch\/wp-content\/uploads\/2018\/08\/google.png\"\/>\n<\/div><\/div><\/div><\/div><div class=\"aio-ibd-block\"><div class=\"aio-icon-header\" ><h3 class=\"aio-icon-title ult-responsive\"  data-ultimate-target='#Info-box-wrap-4963 .aio-icon-title'  data-responsive-json-new='{\"font-size\":\"desktop:18px;\",\"line-height\":\"\"}'  style=\"\">Ouvrir dans Google Maps<\/h3><\/div> <!-- header --><\/div> <!-- aio-ibd-block --><\/div> <!-- aio-icon-box --><\/a><\/div> <!-- aio-icon-component -->[\/vc_column_inner][\/vc_row_inner][\/vc_column][\/vc_row][vc_row][vc_column width=&#8220;1\/2&#8243;][vc_column_text]<\/p>\n<h2>Anmeldung zum Spezialtraining<\/h2>\n<p>[\/vc_column_text][vc_row_inner][vc_column_inner][vc_column_text]<\/p>\n<h2 style=\"font-size: 22px;\">Schritt 1: Anmeldung<\/h2>\n<p>[\/vc_column_text]<div class=\" vc_custom_1575496054482 ubtn-ctn-left \"><a class=\"ubtn-link ult-adjust-bottom-margin ubtn-left ubtn-custom \" href=\"http:\/\/www.suisseshotokan.ch\/_gestion\/ssk_inscription-form.php?lang=3\" target=\"_blank\" rel=\"noopener\" ><button type=\"button\" id=\"ubtn-5289\"  class=\"ubtn ult-adjust-bottom-margin ult-responsive ubtn-custom ubtn-no-hover-bg  none  ubtn-sep-icon ubtn-sep-icon-at-right  ubtn-left   tooltip-69f335f5b6a59\"  data-hover=\"\" data-border-color=\"\" data-bg=\"#707070\" data-hover-bg=\"\" data-border-hover=\"\" data-shadow-hover=\"\" data-shadow-click=\"none\" data-shadow=\"\" data-shd-shadow=\"\"  data-ultimate-target='#ubtn-5289'  data-responsive-json-new='{\"font-size\":\"desktop:14px;\",\"line-height\":\"desktop:20px;\"}'  style=\"font-weight:normal;width:300px;min-height:30px;padding:px px;border:none;background: #707070;color: #ffffff;\"><span class=\"ubtn-data ubtn-icon\"><i class=\"Defaults-arrow-right\" style=\"font-size:14px;color:#ffffff;\"><\/i><\/span><span class=\"ubtn-hover\" style=\"background-color:\"><\/span><span class=\"ubtn-data ubtn-text \" >Anmeldung SSK Mitglieder<\/span><\/button><\/a><\/div><div class=\" vc_custom_1575496009961 ubtn-ctn-left \"><a class=\"ubtn-link ult-adjust-bottom-margin ubtn-left ubtn-custom \" href=\"http:\/\/www.suisseshotokan.ch\/_gestion\/ext_inscription-form.php?lang=3\" target=\"_blank\" rel=\"noopener\" ><button type=\"button\" id=\"ubtn-6847\"  class=\"ubtn ult-adjust-bottom-margin ult-responsive ubtn-custom ubtn-no-hover-bg  none  ubtn-sep-icon ubtn-sep-icon-at-right  ubtn-left   tooltip-69f335f5b6ace\"  data-hover=\"\" data-border-color=\"\" data-bg=\"#707070\" data-hover-bg=\"\" data-border-hover=\"\" data-shadow-hover=\"\" data-shadow-click=\"none\" data-shadow=\"\" data-shd-shadow=\"\"  data-ultimate-target='#ubtn-6847'  data-responsive-json-new='{\"font-size\":\"desktop:14px;\",\"line-height\":\"desktop:20px;\"}'  style=\"font-weight:normal;width:300px;min-height:30px;padding:px px;border:none;background: #707070;color: #ffffff;\"><span class=\"ubtn-data ubtn-icon\"><i class=\"Defaults-arrow-right\" style=\"font-size:14px;color:#ffffff;\"><\/i><\/span><span class=\"ubtn-hover\" style=\"background-color:\"><\/span><span class=\"ubtn-data ubtn-text \" >Andere OHSHIMA DOJO Mitglieder<\/span><\/button><\/a><\/div>[\/vc_column_inner][\/vc_row_inner][vc_row_inner][vc_column_inner][vc_column_text]<\/p>\n<h2 style=\"font-size: 22px;\">Schritt 2: Zahlung<\/h2>\n<p>[\/vc_column_text]<div class=\"aio-icon-component  vc_custom_1575317322919   style_1\"><div id=\"Info-box-wrap-5792\" class=\"aio-icon-box left-icon\" style=\"\"  ><div class=\"aio-icon-left\"><div class=\"ult-just-icon-wrapper  \"><div class=\"align-icon\" style=\"text-align:center;\">\n<div class=\"aio-icon none \"  style=\"color:#37ad35;font-size:12px;display:inline-block;\">\n\t<i class=\"Defaults-circle-blank\"><\/i>\n<\/div><\/div><\/div><\/div><div class=\"aio-ibd-block\"><div class=\"aio-icon-header\" ><h3 class=\"aio-icon-title ult-responsive\"  data-ultimate-target='#Info-box-wrap-5792 .aio-icon-title'  data-responsive-json-new='{\"font-size\":\"desktop:18px;\",\"line-height\":\"\"}'  style=\"\">online<\/h3><\/div> <!-- header --><div class=\"aio-icon-description ult-responsive\"  data-ultimate-target='#Info-box-wrap-5792 .aio-icon-description'  data-responsive-json-new='{\"font-size\":\"\",\"line-height\":\"\"}'  style=\"\">Payez simplement sur notre site internet s\u00e9curis\u00e9 par carte de cr\u00e9dit ou PayPal<\/div> <!-- description --><\/div> <!-- aio-ibd-block --><\/div> <!-- aio-icon-box --><\/div> <!-- aio-icon-component --><div class=\" vc_custom_1574174956468 ubtn-ctn-left \"><a class=\"ubtn-link ult-adjust-bottom-margin ubtn-left ubtn-normal \" href=\"http:\/\/shotokankarate.destinazio.info\/cart\/?add-to-cart=2032\" ><button type=\"button\" id=\"ubtn-6072\"  class=\"ubtn ult-adjust-bottom-margin ult-responsive ubtn-normal ubtn-no-hover-bg  none  ubtn-left   tooltip-69f335f5b6b9e\"  data-hover=\"\" data-border-color=\"\" data-bg=\"#e0e0e0\" data-hover-bg=\"\" data-border-hover=\"\" data-shadow-hover=\"\" data-shadow-click=\"none\" data-shadow=\"\" data-shd-shadow=\"\"  data-ultimate-target='#ubtn-6072'  data-responsive-json-new='{\"font-size\":\"\",\"line-height\":\"\"}'  style=\"font-weight:normal;border:none;background: #e0e0e0;color: #000000;\"><span class=\"ubtn-hover\" style=\"background-color:\"><\/span><span class=\"ubtn-data ubtn-text \" >Paiement en ligne<\/span><\/button><\/a><\/div><div class=\"aio-icon-component  vc_custom_1575496259594   style_1\"><div id=\"Info-box-wrap-5272\" class=\"aio-icon-box left-icon\" style=\"\"  ><div class=\"aio-icon-left\"><div class=\"ult-just-icon-wrapper  \"><div class=\"align-icon\" style=\"text-align:center;\">\n<div class=\"aio-icon none \"  style=\"color:#37ad35;font-size:12px;display:inline-block;\">\n\t<i class=\"Defaults-circle-blank\"><\/i>\n<\/div><\/div><\/div><\/div><div class=\"aio-ibd-block\"><div class=\"aio-icon-header\" ><h3 class=\"aio-icon-title ult-responsive\"  data-ultimate-target='#Info-box-wrap-5272 .aio-icon-title'  data-responsive-json-new='{\"font-size\":\"desktop:18px;\",\"line-height\":\"\"}'  style=\"\">per Bankverbindung<\/h3><\/div> <!-- header --><div class=\"aio-icon-description ult-responsive\"  data-ultimate-target='#Info-box-wrap-5272 .aio-icon-description'  data-responsive-json-new='{\"font-size\":\"\",\"line-height\":\"\"}'  style=\"\">UBS Switzerland AG<br \/>\nBIC : UBSWCHZH80A<br \/>\nNo de compte : 264-630004.40F<br \/>\nTitulaire : Ceintures Noires Suisse Shotokan Karate<br \/>\nIBAN : CH33 0026 4264 6300 0440 F<\/div> <!-- description --><\/div> <!-- aio-ibd-block --><\/div> <!-- aio-icon-box --><\/div> <!-- aio-icon-component -->[\/vc_column_inner][\/vc_row_inner][\/vc_column][vc_column width=&#8220;1\/2&#8243;][vc_tta_accordion active_section=&#8220;9&#8243; collapsible_all=&#8220;true&#8220;][vc_tta_section title=&#8220;Qu\u2019est-ce que le stage sp\u00e9cial Shotokan ?&#8220; tab_id=&#8220;1557908691651-f3baa297-a73b&#8220;][vc_column_text]Le STAGE SPECIAL (successions d&#8217;entra\u00eenements tr\u00e8s intenses sur plusieurs jours) est une particularit\u00e9 de notre organisation et constitue\u00a0un instrument capital de la progression personnelle, notamment de l&#8217;attitude mentale, dans le style Shotokan.<\/p>\n<p>Le STAGE SPECIAL r\u00e9unit les karat\u00e9kas pendant plusieurs jours dans un complexe sportif et suit un programme quasiment immuable: 6h au moins d&#8217;entra\u00eenements quotidiens sur 2 jours et demi \u00e0 4 jours, correspondent \u00e0 une r\u00e9vision compl\u00e8te de l&#8217;entra\u00eenement de base au cours de laquelle il s&#8217;agit de se d\u00e9passer, de repousser les limites. Le but du stage sp\u00e9cial n&#8217;est donc pas d\u2019apprendre de nouvelles techniques. Les cours sont longs et intenses : \u00a0plusieurs milliers de techniques, des combats avec une cinquantaine de partenaires, une centaine de Katas, une heure et demi de kiba dachi, etc. Cette immersion compl\u00e8te dans le karat\u00e9-do am\u00e8ne des progr\u00e8s \u00a0spectaculaires : elle brise les auto-r\u00e9sistances (blocages mentaux) plus facilement que des entra\u00eenements moins pouss\u00e9s. De plus, les heures d&#8217;efforts et d&#8217;\u00e9preuve communes renforcent les liens entre karat\u00e9kas. De nombreux karat\u00e9kas sont d&#8217;accord pour dire que le stage sp\u00e9cial a \u00e9t\u00e9 l&#8217;exp\u00e9rience mentale et physique la plus enrichissante et la plus \u00e9prouvante de leur vie (source : Daniel Chemla).<\/p>\n<p>Suisse Shotokan Karate organise trois stages sp\u00e9ciaux par an. En mai (stage sp\u00e9cial d&#8217;\u00e9t\u00e9 avec passage de grades Dan), en septembre (stage sp\u00e9cial d&#8217;automne), ainsi qu&#8217;en janvier (stage sp\u00e9cial d&#8217;hiver).[\/vc_column_text][\/vc_tta_section][vc_tta_section title=&#8220;Condition de participation&#8220; tab_id=&#8220;1557908691617-bf7c8611-1a6c&#8220;][vc_column_text]Nous vous rappelons que l\u2019\u00e2ge minimum requis est de 16 ans et qu\u2019il ne faut pas souffrir de probl\u00e8mes cardiaques. En s\u2019inscrivant au stage, le membre reconnait ne pas avoir re\u00e7u de contre-indication m\u00e9dicale \u00e0 la pratique intensive \u00e0 laquelle il va s\u2019astreindre. Il assume l\u2019enti\u00e8re responsabilit\u00e9 des dommages li\u00e9s \u00e0 cette pratique qui seraient dus \u00e0 son \u00e9tat de sant\u00e9 actuel et en d\u00e9charge ainsi totalement l\u2019association SSK. En dernier lieu, au d\u00e9but du stage, le leader peut d\u00e9cider d\u2019exclure ou non un participant pour raison de sant\u00e9.[\/vc_column_text][\/vc_tta_section][\/vc_tta_accordion][\/vc_column][\/vc_row][vc_row][vc_column width=&#8220;1\/2&#8243;][\/vc_column][vc_column width=&#8220;1\/2&#8243;][\/vc_column][\/vc_row][\/vc_section]<\/p>\n<\/div>","protected":false},"excerpt":{"rendered":"<p>[vc_section][vc_row][vc_column][vc_column_text][\/vc_column_text][\/vc_column][\/vc_row][\/vc_section][vc_section][vc_row][vc_column width=&#8220;1\/2&#8243;][vc_column_text] Details des Spezialtrainings [\/vc_column_text][vc_column_text]Beginn erstes Training : Freitag 17 Januar um 17:00 Ende Stage : Sonntag 19 Januar um 12:00 Preis : CHF 170.- (Essen und \u00dcbernachtung inklusive)[\/vc_column_text][\/vc_column][vc_column width=&#8220;1\/2&#8243;][vc_column_text] Ort des Spezialtrainings [\/vc_column_text][vc_column_text]Lieu :\u00a0Abbaye de St-Maurice, Av. d&#8217;Agaune 11,CH-1890 St-Maurice Contact :\u00a0Alain Roduit 079 337 93 92[\/vc_column_text][vc_row_inner css=&#8220;.vc_custom_1557850340512{margin-top: 5px !important;margin-right: 5px !important;margin-bottom: 20px&hellip;<\/p>\n","protected":false},"author":8,"featured_media":0,"parent":0,"menu_order":0,"comment_status":"closed","ping_status":"closed","template":"","meta":{"footnotes":""},"class_list":["post-2035","page","type-page","status-publish","hentry","description-off"],"_links":{"self":[{"href":"https:\/\/shotokankarate.ch\/de\/wp-json\/wp\/v2\/pages\/2035","targetHints":{"allow":["GET"]}}],"collection":[{"href":"https:\/\/shotokankarate.ch\/de\/wp-json\/wp\/v2\/pages"}],"about":[{"href":"https:\/\/shotokankarate.ch\/de\/wp-json\/wp\/v2\/types\/page"}],"author":[{"embeddable":true,"href":"https:\/\/shotokankarate.ch\/de\/wp-json\/wp\/v2\/users\/8"}],"replies":[{"embeddable":true,"href":"https:\/\/shotokankarate.ch\/de\/wp-json\/wp\/v2\/comments?post=2035"}],"version-history":[{"count":10,"href":"https:\/\/shotokankarate.ch\/de\/wp-json\/wp\/v2\/pages\/2035\/revisions"}],"predecessor-version":[{"id":2645,"href":"https:\/\/shotokankarate.ch\/de\/wp-json\/wp\/v2\/pages\/2035\/revisions\/2645"}],"wp:attachment":[{"href":"https:\/\/shotokankarate.ch\/de\/wp-json\/wp\/v2\/media?parent=2035"}],"curies":[{"name":"wp","href":"https:\/\/api.w.org\/{rel}","templated":true}]}}