{"id":8514,"date":"2019-01-16T16:58:08","date_gmt":"2019-01-16T15:58:08","guid":{"rendered":"http:\/\/shotokankarate.ch\/dojo-winterthour\/"},"modified":"2026-01-27T20:46:04","modified_gmt":"2026-01-27T19:46:04","slug":"dojo-winterthour","status":"publish","type":"page","link":"https:\/\/shotokankarate.ch\/de\/dojo-winterthour\/","title":{"rendered":"Dojo Winterthur"},"content":{"rendered":"<div class=\"wpb-content-wrapper\"><p>[vc_section][vc_row css=&#8220;.vc_custom_1535182107263{padding-top: 25px !important;padding-bottom: 25px !important;}&#8220;][vc_column width=&#8220;1\/2&#8243; css=&#8220;.vc_custom_1597839926002{padding-top: 30px !important;padding-bottom: 40px !important;background-color: #f01a34 !important;}&#8220;][vc_column_text css=&#8220;.vc_custom_1597839878197{background-color: #f01a34 !important;}&#8220;]<\/p>\n<h2 style=\"font-size: 48px; line-height: 52px; text-align: center;\"><span style=\"color: #ffffff;\">Karat\u00e9 Shotokan<\/span><\/h2>\n<h2 style=\"font-size: 48px; line-height: 52px; text-align: center;\"><span style=\"font-weight: 400; font-size: 48px; line-height: 52px;\"><span style=\"color: #ffffff;\">Winterthur<\/span> <\/span><\/h2>\n<p>[\/vc_column_text][\/vc_column][vc_column width=&#8220;1\/2&#8243; css=&#8220;.vc_custom_1535180184102{padding-top: 15px !important;padding-bottom: 25px !important;}&#8220;][vc_row_inner css=&#8220;.vc_custom_1535180382602{margin-top: 25px !important;}&#8220;][vc_column_inner width=&#8220;1\/2&#8243;][vc_column_text]<\/p>\n<p style=\"text-align: left; font-family: 'Open Sans'; font-size: 20px;\"><strong>Emilio Zaf\u00f3n<\/strong><\/p>\n<p>[\/vc_column_text]<div class=\"aio-icon-component    style_1\"><div id=\"Info-box-wrap-5883\" class=\"aio-icon-box left-icon\" style=\"\"  ><div class=\"aio-icon-left\"><div class=\"ult-just-icon-wrapper  \"><div class=\"align-icon\" style=\"text-align:center;\">\n<div class=\"aio-icon-img \" style=\"font-size:22px;display:inline-block;\" >\n\t<img decoding=\"async\" class=\"img-icon\" alt=\"null\" src=\"https:\/\/shotokankarate.ch\/wp-content\/uploads\/2018\/08\/phone.png\"\/>\n<\/div><\/div><\/div><\/div><div class=\"aio-ibd-block\"><div class=\"aio-icon-header\" ><h3 class=\"aio-icon-title ult-responsive\"  data-ultimate-target='#Info-box-wrap-5883 .aio-icon-title'  data-responsive-json-new='{\"font-size\":\"desktop:18px;\",\"line-height\":\"\"}'  style=\"\">+41 79 596 01 01<\/h3><\/div> <!-- header --><\/div> <!-- aio-ibd-block --><\/div> <!-- aio-icon-box --><\/div> <!-- aio-icon-component --><div class=\"aio-icon-component  vc_custom_1547734388998   style_1\"><div id=\"Info-box-wrap-3963\" class=\"aio-icon-box left-icon\" style=\"\"  ><div class=\"aio-icon-left\"><div class=\"ult-just-icon-wrapper  \"><div class=\"align-icon\" style=\"text-align:center;\">\n<div class=\"aio-icon-img \" style=\"font-size:22px;display:inline-block;\" >\n\t<img decoding=\"async\" class=\"img-icon\" alt=\"null\" src=\"https:\/\/shotokankarate.ch\/wp-content\/uploads\/2018\/08\/email.png\"\/>\n<\/div><\/div><\/div><\/div><div class=\"aio-ibd-block\"><div class=\"aio-icon-header\" ><h3 class=\"aio-icon-title ult-responsive\"  data-ultimate-target='#Info-box-wrap-3963 .aio-icon-title'  data-responsive-json-new='{\"font-size\":\"desktop:18px;\",\"line-height\":\"\"}'  style=\"\">emilio@zafon.ch<\/h3><\/div> <!-- header --><\/div> <!-- aio-ibd-block --><\/div> <!-- aio-icon-box --><\/div> <!-- aio-icon-component --><div class=\"aio-icon-component  vc_custom_1698487551935   style_1\"><a class=\"aio-icon-box-link\" href=\"http:\/\/winterthurshotokan.ch\/\" target=\"_blank\" rel=\"noopener\" ><div id=\"Info-box-wrap-8966\" class=\"aio-icon-box left-icon\" style=\"\"  ><div class=\"aio-ibd-block\"><div class=\"aio-icon-header\" ><h3 class=\"aio-icon-title ult-responsive\"  data-ultimate-target='#Info-box-wrap-8966 .aio-icon-title'  data-responsive-json-new='{\"font-size\":\"desktop:18px;\",\"line-height\":\"\"}'  style=\"\">https:\/\/yourdojo.ch\/<\/h3><\/div> <!-- header --><\/div> <!-- aio-ibd-block --><\/div> <!-- aio-icon-box --><\/a><\/div> <!-- aio-icon-component --><div class=\" vc_custom_1597840328336 ubtn-ctn-left etiquette\"><a class=\"ubtn-link ult-adjust-bottom-margin ubtn-left ubtn-small etiquette\" href=\"http:\/\/shotokankarate.ch\/de\/dojo-winterthur-probezeit\/\" rel=\"nofollow \" ><button type=\"button\" id=\"ubtn-8795\"  class=\"ubtn ult-adjust-bottom-margin ult-responsive ubtn-small ubtn-no-hover-bg  none  ubtn-left   tooltip-69de282e3261a\"  data-hover=\"#ffffff\" data-border-color=\"#ffffff\" data-bg=\"#303030\" data-hover-bg=\"#424242\" data-border-hover=\"#ffffff\" data-shadow-hover=\"\" data-shadow-click=\"none\" data-shadow=\"\" data-shd-shadow=\"\"  data-ultimate-target='#ubtn-8795'  data-responsive-json-new='{\"font-size\":\"desktop:18px;\",\"line-height\":\"\"}'  style=\"font-weight:normal;border-radius:0px;border-width:2px;border-color:#ffffff;border-style:solid;background: #303030;color: #ffffff;\"><span class=\"ubtn-data ubtn-icon\"><i class=\"none\" style=\"font-size:32px;color:#f9f9f9;\"><\/i><\/span><span class=\"ubtn-hover\" style=\"background-color:#424242\"><\/span><span class=\"ubtn-data ubtn-text \" >Gratis Probemonat<\/span><\/button><\/a><\/div>[\/vc_column_inner][vc_column_inner el_class=&#8220;etiquette&#8220; width=&#8220;1\/2&#8243;][\/vc_column_inner][\/vc_row_inner][\/vc_column][\/vc_row][vc_row][vc_column width=&#8220;1\/2&#8243;][vc_column_text]<\/p>\n<h2><span style=\"font-weight: 400;\">Das Wort vom Dojo<\/span><\/h2>\n<p>[\/vc_column_text][vc_column_text css=&#8220;.vc_custom_1600960912768{padding-top: 30px !important;}&#8220;]<strong><span lang=\"DE\">Wenn Du das traditionelle Karate kennenlernen m\u00f6chtest, laden wir Dich ein, mit uns zu trainieren. Neue Trainierende sind bei uns jederzeit willkommen<\/span>.<\/strong><\/p>\n<p>Karate ist f\u00fcr jeden geeignet; man braucht nur den Willen und die Geduld, es zu praktizieren. Karate ist eine Kampfkunst, die k\u00f6rperliches und geistiges Gleichgewicht bringt. Sie ist keineswegs den jungen oder gesunden Menschen vorbehalten. Sie kann auch von \u00e4lteren Menschen praktiziert werden, um allm\u00e4hlich und auf nat\u00fcrliche Weise einen ausgeglichenen und harmonischen K\u00f6rper zu entwickeln.[\/vc_column_text][\/vc_column][vc_column width=&#8220;1\/2&#8243;][vc_column_text css=&#8220;.vc_custom_1575080777641{padding-left: 30px !important;}&#8220;]<a href=\"http:\/\/shotokankarate.destinazio.info\/wp-content\/uploads\/2019\/11\/rsz_winterthur.jpg\"><img loading=\"lazy\" decoding=\"async\" class=\"alignnone wp-image-2518 size-full\" src=\"http:\/\/shotokankarate.destinazio.info\/wp-content\/uploads\/2019\/11\/rsz_winterthur.jpg\" alt=\"\" width=\"1072\" height=\"712\" srcset=\"https:\/\/shotokankarate.ch\/wp-content\/uploads\/2019\/11\/rsz_winterthur.jpg 1072w, https:\/\/shotokankarate.ch\/wp-content\/uploads\/2019\/11\/rsz_winterthur-600x399.jpg 600w, https:\/\/shotokankarate.ch\/wp-content\/uploads\/2019\/11\/rsz_winterthur-300x199.jpg 300w, https:\/\/shotokankarate.ch\/wp-content\/uploads\/2019\/11\/rsz_winterthur-1024x680.jpg 1024w, https:\/\/shotokankarate.ch\/wp-content\/uploads\/2019\/11\/rsz_winterthur-768x510.jpg 768w, https:\/\/shotokankarate.ch\/wp-content\/uploads\/2019\/11\/rsz_winterthur-120x80.jpg 120w, https:\/\/shotokankarate.ch\/wp-content\/uploads\/2019\/11\/rsz_winterthur-1000x664.jpg 1000w, https:\/\/shotokankarate.ch\/wp-content\/uploads\/2019\/11\/rsz_winterthur-226x150.jpg 226w, https:\/\/shotokankarate.ch\/wp-content\/uploads\/2019\/11\/rsz_winterthur-181x120.jpg 181w\" sizes=\"auto, (max-width: 1072px) 100vw, 1072px\" \/><\/a>[\/vc_column_text][\/vc_column][\/vc_row][\/vc_section][vc_section][vc_row css=&#8220;.vc_custom_1535114940947{margin-top: 30px !important;}&#8220;][vc_column width=&#8220;1\/2&#8243;][\/vc_column][vc_column width=&#8220;1\/2&#8243;][\/vc_column][\/vc_row][\/vc_section][vc_section full_width=&#8220;stretch_row&#8220; css=&#8220;.vc_custom_1535115085099{margin-top: 30px !important;padding-top: 40px !important;padding-bottom: 30px !important;background-color: #424242 !important;}&#8220;][vc_row css=&#8220;.vc_custom_1535111524774{margin-left: 5px !important;}&#8220;][vc_column width=&#8220;1\/3&#8243; css=&#8220;.vc_custom_1535111629694{border-top-width: 5px !important;border-right-width: 5px !important;border-bottom-width: 5px !important;border-left-width: 5px !important;background-color: #ffffff !important;border-left-color: #424242 !important;border-left-style: solid !important;border-right-color: #424242 !important;border-right-style: solid !important;border-top-color: #424242 !important;border-top-style: solid !important;border-bottom-color: #424242 !important;border-bottom-style: solid !important;}&#8220;][vc_column_text css=&#8220;.vc_custom_1696864184722{margin-top: -10px !important;padding-bottom: 20px !important;}&#8220;]<\/p>\n<p style=\"font-family: 'Source Sans Pro',sans-serif; color: #cbd2db; font-size: 20px;\"><span style=\"color: #636970;\">Montag<\/span><br \/>\n<span style=\"font-family: 'Source Sans Pro',sans-serif; color: black; font-size: 14px;\">Turnhalle Gutenberg<br \/>\nGutenbergstr. 11<br \/>\n8400 Winterthur-T\u00f6ss<br \/>\n<\/span><\/p>\n<p>[\/vc_column_text]<div class=\" vc_custom_1769543115904 ubtn-ctn-left etiquette\"><button type=\"button\" id=\"ubtn-2231\"  class=\"ubtn ult-adjust-bottom-margin ult-responsive ubtn-small ubtn-no-hover-bg  none  ubtn-left   tooltip-69de282e3268e\"  data-hover=\"\" data-border-color=\"\" data-bg=\"#f01a34\" data-hover-bg=\"\" data-border-hover=\"\" data-shadow-hover=\"\" data-shadow-click=\"none\" data-shadow=\"\" data-shd-shadow=\"\"  data-ultimate-target='#ubtn-2231'  data-responsive-json-new='{\"font-size\":\"desktop:18px;\",\"line-height\":\"\"}'  style=\"font-weight:normal;border-radius:0px;border-width:1px;border-color:;border-style:solid;background: #f01a34;color: #ffffff;\"><span class=\"ubtn-hover\" style=\"background-color:\"><\/span><span class=\"ubtn-data ubtn-text \" >freies Training f\u00fcr alle<\/span><\/button><\/div><div class=\" vc_custom_1696864247805 ubtn-ctn-left etiquette\"><button type=\"button\" id=\"ubtn-3028\"  class=\"ubtn ult-adjust-bottom-margin ult-responsive ubtn-small ubtn-no-hover-bg  none  ubtn-left   tooltip-69de282e326e8\"  data-hover=\"\" data-border-color=\"\" data-bg=\"#303030\" data-hover-bg=\"\" data-border-hover=\"\" data-shadow-hover=\"\" data-shadow-click=\"none\" data-shadow=\"\" data-shd-shadow=\"\"  data-ultimate-target='#ubtn-3028'  data-responsive-json-new='{\"font-size\":\"desktop:18px;\",\"line-height\":\"\"}'  style=\"font-weight:normal;border-radius:0px;border-width:1px;border-color:;border-style:solid;background: #303030;color: #ffffff;\"><span class=\"ubtn-hover\" style=\"background-color:\"><\/span><span class=\"ubtn-data ubtn-text \" >18:00 - 19:20<\/span><\/button><\/div>[vc_row_inner css=&#8220;.vc_custom_1535113476928{margin-top: 5px !important;margin-right: 5px !important;margin-bottom: 20px !important;margin-left: 5px !important;border-top-width: 2px !important;border-right-width: 2px !important;border-bottom-width: 2px !important;border-left-width: 2px !important;border-left-color: #ededed !important;border-left-style: dashed !important;border-right-color: #ededed !important;border-right-style: dashed !important;border-top-color: #ededed !important;border-top-style: dashed !important;border-bottom-color: #ededed !important;border-bottom-style: dashed !important;border-radius: 5px !important;}&#8220;][vc_column_inner]<div class=\"aio-icon-component  vc_custom_1736535739016   style_2\"><a class=\"aio-icon-box-link\" href=\"https:\/\/www.google.com\/maps\/place\/Schulhaus+Gutenbergstrasse\/@47.4910769,8.7075165,17z\/data=!3m1!4b1!4m6!3m5!1s0x479a99133d29d49d:0xf85fa510750541e7!8m2!3d47.4910749!4d8.7089234!16s%2Fg%2F1tdw2fnk?entry=ttu&#038;g_ep=EgoyMDI1MDEwOC4wIKXMDSoASAFQAw%3D%3D\" target=\"_blank\" rel=\"noopener\" ><div id=\"Info-box-wrap-9512\" class=\"aio-icon-box left-icon\" style=\"\"  ><div class=\"aio-icon-left\"><div class=\"ult-just-icon-wrapper  \"><div class=\"align-icon\" style=\"text-align:center;\">\n<div class=\"aio-icon-img \" style=\"font-size:22px;display:inline-block;\" >\n\t<img decoding=\"async\" class=\"img-icon\" alt=\"null\" src=\"https:\/\/shotokankarate.ch\/wp-content\/uploads\/2018\/08\/google.png\"\/>\n<\/div><\/div><\/div><\/div><div class=\"aio-ibd-block\"><div class=\"aio-icon-header\" ><h3 class=\"aio-icon-title ult-responsive\"  data-ultimate-target='#Info-box-wrap-9512 .aio-icon-title'  data-responsive-json-new='{\"font-size\":\"desktop:18px;\",\"line-height\":\"\"}'  style=\"\">In Google Maps \u00f6ffnen<\/h3><\/div> <!-- header --><\/div> <!-- aio-ibd-block --><\/div> <!-- aio-icon-box --><\/a><\/div> <!-- aio-icon-component -->[\/vc_column_inner][\/vc_row_inner][\/vc_column][vc_column width=&#8220;1\/3&#8243; css=&#8220;.vc_custom_1535111647275{border-top-width: 5px !important;border-right-width: 5px !important;border-bottom-width: 5px !important;border-left-width: 5px !important;background-color: #ffffff !important;border-left-color: #424242 !important;border-left-style: solid !important;border-right-color: #424242 !important;border-right-style: solid !important;border-top-color: #424242 !important;border-top-style: solid !important;border-bottom-color: #424242 !important;border-bottom-style: solid !important;}&#8220;][vc_column_text css=&#8220;.vc_custom_1734129248237{margin-top: -10px !important;padding-bottom: 20px !important;}&#8220;]<\/p>\n<p style=\"font-family: 'Source Sans Pro',sans-serif; color: #cbd2db; font-size: 20px;\"><span style=\"color: #636970;\">Mittwoch<\/span><br \/>\n<span style=\"font-family: 'Source Sans Pro',sans-serif; color: black; font-size: 14px;\">Turnhalle Rebwiesen<br \/>\nRebwiesenstr. 15<br \/>\n8406 Winterthur<br \/>\n<\/span><\/p>\n<p>[\/vc_column_text]<div class=\" vc_custom_1769543135031 ubtn-ctn-left etiquette\"><button type=\"button\" id=\"ubtn-5414\"  class=\"ubtn ult-adjust-bottom-margin ult-responsive ubtn-small ubtn-no-hover-bg  none  ubtn-left   tooltip-69de282e32ac0\"  data-hover=\"\" data-border-color=\"\" data-bg=\"#f01a34\" data-hover-bg=\"\" data-border-hover=\"\" data-shadow-hover=\"\" data-shadow-click=\"none\" data-shadow=\"\" data-shd-shadow=\"\"  data-ultimate-target='#ubtn-5414'  data-responsive-json-new='{\"font-size\":\"desktop:18px;\",\"line-height\":\"\"}'  style=\"font-weight:normal;border-radius:0px;border-width:1px;border-color:;border-style:solid;background: #f01a34;color: #ffffff;\"><span class=\"ubtn-hover\" style=\"background-color:\"><\/span><span class=\"ubtn-data ubtn-text \" >Erwachsene und Jugendliche ab 12 Jahren<\/span><\/button><\/div><div class=\" vc_custom_1696864299231 ubtn-ctn-left etiquette\"><button type=\"button\" id=\"ubtn-8979\"  class=\"ubtn ult-adjust-bottom-margin ult-responsive ubtn-small ubtn-no-hover-bg  none  ubtn-left   tooltip-69de282e32b1e\"  data-hover=\"\" data-border-color=\"\" data-bg=\"#303030\" data-hover-bg=\"\" data-border-hover=\"\" data-shadow-hover=\"\" data-shadow-click=\"none\" data-shadow=\"\" data-shd-shadow=\"\"  data-ultimate-target='#ubtn-8979'  data-responsive-json-new='{\"font-size\":\"desktop:18px;\",\"line-height\":\"\"}'  style=\"font-weight:normal;border-radius:0px;border-width:1px;border-color:;border-style:solid;background: #303030;color: #ffffff;\"><span class=\"ubtn-hover\" style=\"background-color:\"><\/span><span class=\"ubtn-data ubtn-text \" >19:20 - 20:40<\/span><\/button><\/div>[vc_row_inner css=&#8220;.vc_custom_1535113476928{margin-top: 5px !important;margin-right: 5px !important;margin-bottom: 20px !important;margin-left: 5px !important;border-top-width: 2px !important;border-right-width: 2px !important;border-bottom-width: 2px !important;border-left-width: 2px !important;border-left-color: #ededed !important;border-left-style: dashed !important;border-right-color: #ededed !important;border-right-style: dashed !important;border-top-color: #ededed !important;border-top-style: dashed !important;border-bottom-color: #ededed !important;border-bottom-style: dashed !important;border-radius: 5px !important;}&#8220;][vc_column_inner]<div class=\"aio-icon-component  vc_custom_1736535798039   style_2\"><a class=\"aio-icon-box-link\" href=\"https:\/\/www.google.com\/maps\/place\/Schulhaus+Rebwiesen\/@47.4947493,8.7046102,17.87z\/data=!4m6!3m5!1s0x479a996b0ac2e2bb:0xb6db42149bf4146a!8m2!3d47.4947638!4d8.7060171!16s%2Fg%2F1v6l6gch?entry=ttu&#038;g_ep=EgoyMDI1MDEwOC4wIKXMDSoASAFQAw%3D%3D\" target=\"_blank\" rel=\"noopener\" ><div id=\"Info-box-wrap-5574\" class=\"aio-icon-box left-icon\" style=\"\"  ><div class=\"aio-icon-left\"><div class=\"ult-just-icon-wrapper  \"><div class=\"align-icon\" style=\"text-align:center;\">\n<div class=\"aio-icon-img \" style=\"font-size:22px;display:inline-block;\" >\n\t<img decoding=\"async\" class=\"img-icon\" alt=\"null\" src=\"https:\/\/shotokankarate.ch\/wp-content\/uploads\/2018\/08\/google.png\"\/>\n<\/div><\/div><\/div><\/div><div class=\"aio-ibd-block\"><div class=\"aio-icon-header\" ><h3 class=\"aio-icon-title ult-responsive\"  data-ultimate-target='#Info-box-wrap-5574 .aio-icon-title'  data-responsive-json-new='{\"font-size\":\"desktop:18px;\",\"line-height\":\"\"}'  style=\"\">In Google Maps \u00f6ffnen<\/h3><\/div> <!-- header --><\/div> <!-- aio-ibd-block --><\/div> <!-- aio-icon-box --><\/a><\/div> <!-- aio-icon-component -->[\/vc_column_inner][\/vc_row_inner][\/vc_column][\/vc_row][vc_row][vc_column width=&#8220;2\/3&#8243;][vc_column_text css=&#8220;.vc_custom_1597840371051{margin-top: 15px !important;}&#8220;]<span style=\"color: #ffffff;\">*Der Unterricht wird w\u00e4hrend den Schulferien unterbrochen.<\/span>[\/vc_column_text][\/vc_column][vc_column width=&#8220;1\/3&#8243;][\/vc_column][\/vc_row][\/vc_section][vc_section][vc_row css=&#8220;.vc_custom_1535114940947{margin-top: 30px !important;}&#8220;][vc_column][vc_row_inner][vc_column_inner][vc_column_text]<\/p>\n<h2><span style=\"font-weight: 400;\">Tarife<\/span><\/h2>\n<p>[\/vc_column_text][vc_column_text]<\/p>\n<h2 style=\"font-size: 20px; line-height: 30px; text-align: left;\"><span style=\"font-weight: 400; font-size: 24px; background-color: #f01a34; line-height: 30px;\"><span style=\"color: #ffffff;\"> Gratis Probemonat inklusive<\/span> <\/span><\/h2>\n<p>[\/vc_column_text][\/vc_column_inner][\/vc_row_inner][vc_row_inner][vc_column_inner width=&#8220;1\/3&#8243;][vc_column_text]<\/p>\n<h2 style=\"font-size: 20px; line-height: 24px; text-align: left;\"><span style=\"font-weight: 400; font-size: 24px; background-color: #212121; line-height: 28px;\"><span style=\"color: #ffffff;\"> KINDER<\/span> <\/span><\/h2>\n<p>[\/vc_column_text][vc_column_text]<\/p>\n<h2 style=\"font-size: 20px; line-height: 24px; text-align: left;\"><span style=\"font-weight: 400; font-size: 24px; line-height: 28px;\"><span style=\"color: #000000;\"> 120CHF\/ Jahr<\/span> <\/span><\/h2>\n<p>[\/vc_column_text][\/vc_column_inner][vc_column_inner width=&#8220;1\/3&#8243;][vc_column_text]<\/p>\n<h2 style=\"font-size: 20px; line-height: 24px; text-align: left;\"><span style=\"font-weight: 400; font-size: 24px; background-color: #212121; line-height: 28px;\"><span style=\"color: #ffffff;\"> STUDENTEN<\/span> <\/span><\/h2>\n<p>[\/vc_column_text][vc_column_text]<\/p>\n<h2 style=\"font-size: 20px; line-height: 24px; text-align: left;\"><span style=\"font-weight: 400; font-size: 24px; line-height: 28px;\"><span style=\"color: #000000;\"> 250CHF\/ Jahr<\/span> <\/span><\/h2>\n<p>[\/vc_column_text][\/vc_column_inner][vc_column_inner width=&#8220;1\/3&#8243;][vc_column_text]<\/p>\n<h2 style=\"font-size: 20px; line-height: 24px; text-align: left;\"><span style=\"font-weight: 400; font-size: 24px; background-color: #212121; line-height: 28px;\"><span style=\"color: #ffffff;\"> ERWACHSENE<\/span> <\/span><\/h2>\n<p>[\/vc_column_text][vc_column_text css=&#8220;&#8220;]<\/p>\n<h2 style=\"font-size: 20px; line-height: 24px; text-align: left;\"><span style=\"font-weight: 400; font-size: 24px; line-height: 28px;\"><span style=\"color: #000000;\"> 360CHF\/ Jahr<\/span> <\/span><\/h2>\n<p>[\/vc_column_text][\/vc_column_inner][\/vc_row_inner][vc_row_inner][vc_column_inner][vc_empty_space][vc_column_text]Die Tarife des Schweizer Shotokan Karate k\u00f6nnen je nach Dojos variieren.<br \/>\nDie Preise werden Ihnen bei Ihrer ersten Training mitgeteilt. [\/vc_column_text][\/vc_column_inner][\/vc_row_inner][\/vc_column][\/vc_row][\/vc_section][vc_section full_width=&#8220;stretch_row&#8220; css=&#8220;.vc_custom_1597840079621{margin-top: 30px !important;margin-bottom: -70px !important;padding-top: 30px !important;background-color: #f01a34 !important;}&#8220;][vc_row][vc_column width=&#8220;1\/2&#8243;][vc_column_text]<\/p>\n<h2><span style=\"color: #ffffff;\">Melde dich f\u00fcr einen gratis Probemonat an<\/span><\/h2>\n<p>[\/vc_column_text][\/vc_column][vc_column width=&#8220;1\/2&#8243;]<div class=\" vc_custom_1597840088664 ubtn-ctn-center \"><a class=\"ubtn-link ult-adjust-bottom-margin ubtn-center ubtn-normal \" href=\"http:\/\/shotokankarate.ch\/de\/dojo-winterthur-probezeit\/\" ><button type=\"button\" id=\"ubtn-5714\"  class=\"ubtn ult-adjust-bottom-margin ult-responsive ubtn-normal ubtn-no-hover-bg  none  ubtn-center   tooltip-69de282e32c47\"  data-hover=\"\" data-border-color=\"\" data-bg=\"#222222\" data-hover-bg=\"\" data-border-hover=\"\" data-shadow-hover=\"\" data-shadow-click=\"none\" data-shadow=\"\" data-shd-shadow=\"\"  data-ultimate-target='#ubtn-5714'  data-responsive-json-new='{\"font-size\":\"desktop:14px;\",\"line-height\":\"desktop:20px;\"}'  style=\"font-weight:normal;border:none;background: #222222;color: #ffffff;\"><span class=\"ubtn-hover\" style=\"background-color:\"><\/span><span class=\"ubtn-data ubtn-text \" >Let&#039;s Go!<\/span><\/button><\/a><\/div>[\/vc_column][\/vc_row][\/vc_section]<\/p>\n<\/div>","protected":false},"excerpt":{"rendered":"<p>[vc_section][vc_row css=&#8220;.vc_custom_1535182107263{padding-top: 25px !important;padding-bottom: 25px !important;}&#8220;][vc_column width=&#8220;1\/2&#8243; css=&#8220;.vc_custom_1597839926002{padding-top: 30px !important;padding-bottom: 40px !important;background-color: #f01a34 !important;}&#8220;][vc_column_text css=&#8220;.vc_custom_1597839878197{background-color: #f01a34 !important;}&#8220;] Karat\u00e9 Shotokan Winterthur [\/vc_column_text][\/vc_column][vc_column width=&#8220;1\/2&#8243; css=&#8220;.vc_custom_1535180184102{padding-top: 15px !important;padding-bottom: 25px !important;}&#8220;][vc_row_inner css=&#8220;.vc_custom_1535180382602{margin-top: 25px !important;}&#8220;][vc_column_inner width=&#8220;1\/2&#8243;][vc_column_text] Emilio Zaf\u00f3n [\/vc_column_text][\/vc_column_inner][vc_column_inner el_class=&#8220;etiquette&#8220; width=&#8220;1\/2&#8243;][\/vc_column_inner][\/vc_row_inner][\/vc_column][\/vc_row][vc_row][vc_column width=&#8220;1\/2&#8243;][vc_column_text] Das Wort vom Dojo [\/vc_column_text][vc_column_text css=&#8220;.vc_custom_1600960912768{padding-top: 30px !important;}&#8220;]Wenn Du das traditionelle Karate kennenlernen m\u00f6chtest, laden wir Dich ein,&hellip;<\/p>\n","protected":false},"author":8,"featured_media":8115,"parent":0,"menu_order":0,"comment_status":"closed","ping_status":"closed","template":"","meta":{"footnotes":""},"class_list":["post-8514","page","type-page","status-publish","has-post-thumbnail","hentry","description-off"],"_links":{"self":[{"href":"https:\/\/shotokankarate.ch\/de\/wp-json\/wp\/v2\/pages\/8514","targetHints":{"allow":["GET"]}}],"collection":[{"href":"https:\/\/shotokankarate.ch\/de\/wp-json\/wp\/v2\/pages"}],"about":[{"href":"https:\/\/shotokankarate.ch\/de\/wp-json\/wp\/v2\/types\/page"}],"author":[{"embeddable":true,"href":"https:\/\/shotokankarate.ch\/de\/wp-json\/wp\/v2\/users\/8"}],"replies":[{"embeddable":true,"href":"https:\/\/shotokankarate.ch\/de\/wp-json\/wp\/v2\/comments?post=8514"}],"version-history":[{"count":11,"href":"https:\/\/shotokankarate.ch\/de\/wp-json\/wp\/v2\/pages\/8514\/revisions"}],"predecessor-version":[{"id":9872,"href":"https:\/\/shotokankarate.ch\/de\/wp-json\/wp\/v2\/pages\/8514\/revisions\/9872"}],"wp:featuredmedia":[{"embeddable":true,"href":"https:\/\/shotokankarate.ch\/de\/wp-json\/wp\/v2\/media\/8115"}],"wp:attachment":[{"href":"https:\/\/shotokankarate.ch\/de\/wp-json\/wp\/v2\/media?parent=8514"}],"curies":[{"name":"wp","href":"https:\/\/api.w.org\/{rel}","templated":true}]}}